{"id":169,"date":"2022-10-04T19:12:38","date_gmt":"2022-10-04T19:12:38","guid":{"rendered":"https:\/\/wp1.zwergenland-bremen.de\/?page_id=169"},"modified":"2022-10-04T19:13:54","modified_gmt":"2022-10-04T19:13:54","slug":"datenschutzerklaerung","status":"publish","type":"page","link":"https:\/\/zwergenland-bremen.de\/index.php\/datenschutzerklaerung\/","title":{"rendered":"Datenschutzerkl\u00e4rung"},"content":{"rendered":"\n<p><strong>Datenschutzhinweise (Informationspflichten nach Art. 13 DSGOV)<\/strong><\/p>\n\n\n\n<p><strong>1. Name und Kontaktdaten des Verantwortlichen<\/strong><br>Verantwortlicher f\u00fcr die Datenverarbeitung ist das<\/p>\n\n\n\n<p><strong>Zwergenland e.V.<\/strong><br>vertreten durch den Vorstand<br>Am Heidbergstift 32<br>28717 Bremen<\/p>\n\n\n\n<p>Sie erreichen uns postalisch, per Email unter <a href=\"mailto:info@zwergenland-bremen.de\">info@zwergenland-bremen.de<\/a> oder per Telefon 0421\/167 66 88-0.<\/p>\n\n\n\n<p><strong>2. Erhebung personenbezogener Daten bei informatorischer Nutzung<br><\/strong>Bei der blo\u00df informatorischen Nutzung der Website erheben wir nur die personenbezogenen Daten, die Ihr Browser an unseren Server \u00fcbermittelt. Wenn Sie unsere Website betrachten m\u00f6chten, erheben wir die folgenden Daten, die f\u00fcr uns technisch erforderlich sind, um Ihnen unsere Website anzuzeigen und die Stabilit\u00e4t und Sicherheit zu gew\u00e4hrleisten (Rechtsgrundlage ist <a href=\"http:\/\/dejure.org\/gesetze\/DSGVO\/6.html\" target=\"_blank\" rel=\"noreferrer noopener\">Art.&nbsp;6 Abs.&nbsp;1 S.&nbsp;1 lit. f DSGVO<\/a>):<\/p>\n\n\n\n<p>\u2013&nbsp;&nbsp;&nbsp; IP-Adresse<br>\u2013&nbsp;&nbsp;&nbsp; Datum und Uhrzeit der Anfrage<br>\u2013&nbsp;&nbsp;&nbsp; Zeitzonendifferenz zur Greenwich Mean Time (GMT)<br>\u2013&nbsp;&nbsp;&nbsp; Inhalt der Anforderung (konkrete Seite)<br>\u2013&nbsp;&nbsp;&nbsp; Zugriffsstatus\/HTTP-Statuscode<br>\u2013&nbsp;&nbsp;&nbsp; jeweils \u00fcbertragene Datenmenge<br>\u2013&nbsp;&nbsp;&nbsp; Website, von der die Anforderung kommt<br>\u2013&nbsp;&nbsp;&nbsp; Browser<br>\u2013&nbsp;&nbsp;&nbsp; Betriebssystem und dessen Oberfl\u00e4che<br>\u2013&nbsp;&nbsp;&nbsp; Sprache und Version der Browsersoftware.<\/p>\n\n\n\n<p><strong>3. Einsatz von Cookies<br><\/strong>(1) Weiterhin werden bei Nutzung der Website Cookies auf Ihrem Rechner gespeichert. Bei Cookies handelt es sich um kleine Textdateien, die auf Ihrer Festplatte dem von Ihnen verwendeten Browser zugeordnet gespeichert werden und durch welche der Stelle, die den Cookie setzt (in diesem Fall also uns), bestimmte Informationen zuflie\u00dfen. Cookies k\u00f6nnen keine Programme ausf\u00fchren oder Viren auf Ihren Computer \u00fcbertragen. Sie dienen dazu, das Internetangebot insgesamt nutzerfreundlicher und effektiver zu machen.<\/p>\n\n\n\n<p>a)&nbsp; Diese Website nutzt folgende Arten von Cookies, deren Umfang und Funktionsweise im Folgenden erl\u00e4utert werden:<br>\u2013&nbsp;&nbsp;&nbsp; Transiente Cookies (dazu b)<br>\u2013&nbsp;&nbsp;&nbsp; Persistente Cookies (dazu c).<\/p>\n\n\n\n<p>b)&nbsp; Transiente Cookies werden automatisiert gel\u00f6scht, wenn Sie den Browser schlie\u00dfen. Dazu z\u00e4hlen insbesondere die Session-Cookies. Diese speichern eine sogenannte Session-ID, mit welcher sich verschiedene Anfragen Ihres Browsers der gemeinsamen Sitzung zuordnen lassen. Dadurch kann Ihr Rechner wiedererkannt werden, wenn Sie auf unsere Website zur\u00fcckkehren. Die Session-Cookies werden gel\u00f6scht, wenn Sie sich ausloggen oder den Browser schlie\u00dfen.<\/p>\n\n\n\n<p>c)&nbsp;&nbsp; Persistente Cookies werden automatisiert nach einer vorgegebenen Dauer gel\u00f6scht, die sich je nach Cookie unterscheiden kann. Sie k\u00f6nnen die Cookies in den Sicherheitseinstellungen Ihres Browsers jederzeit l\u00f6schen.<\/p>\n\n\n\n<p>d)&nbsp; Sie k\u00f6nnen Ihre Browser-Einstellung entsprechend Ihren W\u00fcnschen konfigurieren und z. B. die Annahme von Third-Party-Cookies oder allen Cookies ablehnen. Wir weisen Sie darauf hin, dass Sie eventuell nicht alle Funktionen dieser Website nutzen k\u00f6nnen.<\/p>\n\n\n\n<p>(2) Diese gespeicherten Informationen werden getrennt von eventuell weiter bei uns angegeben Daten gespeichert. Insbesondere werden die Daten der Cookies nicht mit Ihren weiteren Daten verkn\u00fcpft.<\/p>\n\n\n\n<p>(3) Dieser Datenverarbeitung k\u00f6nnen Sie jederzeit mit Wirkung f\u00fcr die Zukunft widersprechen.<\/p>\n\n\n\n<p><strong>4. Nutzung von Funktionen unserer Website<br><\/strong>Bei Ihrer Kontaktaufnahme mit uns per E-Mail oder \u00fcber das Kontaktformular wird Ihre E-Mail-Adresse und, falls Sie dies angeben, Ihr Name und Ihre Telefonnummer von uns gespeichert, um Ihre Fragen zu beantworten.<\/p>\n\n\n\n<p><strong>5. Empf\u00e4nger oder Kategorien von Empf\u00e4ngern<\/strong><br>Sofern wir Ihre personenbezogenen Daten an Dritte weitergegeben werden Sie bei der Beschreibung der jeweiligen Datenverarbeitung explizit hierauf hingewiesen (z.B. bei Verwendung unseres Kontaktformulars). Selbstverst\u00e4ndlich nutzen wir dar\u00fcber hinaus f\u00fcr die technische und organisatorische Abwicklung externe Dienstleister, mit welchen wir entsprechende Auftragsverarbeitungsvertr\u00e4ge i.S.d. <a href=\"http:\/\/dejure.org\/gesetze\/DSGVO\/28.html\" target=\"_blank\" rel=\"noreferrer noopener\">Art. 28 DSGVO<\/a> geschlossen haben. Diese sind z.B. Dienstleister f\u00fcr das Webhosting, den Versand von Emails, Wartung und Pflege unserer IT-Systemen usw.<\/p>\n\n\n\n<p><strong>6. Speicherdauer<\/strong><br>Ihre Daten werden solange gespeichert, wie sie f\u00fcr die Erreichung des jeweiligen Zwecks zwingend erforderlich sind, l\u00e4ngstens jedoch solange etwaige gesetzliche Vorschriften dies von uns verlangen.<br>Sobald der Speicherungszweck entf\u00e4llt oder eine durch die genannten Vorschriften vorgeschriebene Speicherfrist abl\u00e4uft, werden die personenbezogenen Daten routinem\u00e4\u00dfig gesperrt oder gel\u00f6scht.<\/p>\n\n\n\n<p><strong>7. Ihre Rechte<\/strong><br>In diesem Abschnitt m\u00f6chten wir Sie umfassend \u00fcber die Ihnen zustehenden Rechte informieren.<\/p>\n\n\n\n<p><strong>a) Recht auf Auskunft<\/strong><br>Sie haben das Recht, von uns jederzeit eine Auskunft dar\u00fcber zu verlangen, ob Sie betreffende personenbezogene Daten durch uns verarbeitet werden. Wenn dies der Fall ist, haben Sie Anspruch auf Auskunft hinsichtlich der in <a href=\"http:\/\/dejure.org\/gesetze\/DSGVO\/15.html\" target=\"_blank\" rel=\"noreferrer noopener\">Art. 15 Abs. 1 2. HS DSGVO<\/a> genannten Informationen.<br>Ihnen steht das Recht zu, Auskunft dar\u00fcber zu verlangen, ob die Sie betreffenden personenbezogenen Daten in ein Drittland oder an eine internationale Organisation \u00fcbermittelt werden. In diesem Zusammenhang k\u00f6nnen Sie verlangen, \u00fcber die geeigneten Garantien gem. <a href=\"http:\/\/dejure.org\/gesetze\/DSGVO\/46.html\" target=\"_blank\" rel=\"noreferrer noopener\">Art. 46 DSGVO<\/a> im Zusammenhang mit der \u00dcbermittlung unterrichtet zu werden.<\/p>\n\n\n\n<p><strong>b) Recht auf Berichtigung<\/strong><br>Weiterhin haben Sie nach <a href=\"http:\/\/dejure.org\/gesetze\/DSGVO\/16.html\" target=\"_blank\" rel=\"noreferrer noopener\">Art. 16 DSGVO<\/a> das Recht, von uns unverz\u00fcglich die Berichtigung der Sie betreffenden unrichtigen personenbezogener Daten zu verlangen. Unter Ber\u00fccksichtigung der Zwecke der Verarbeitung haben Sie dar\u00fcber hinaus das Recht, die Vervollst\u00e4ndigung unvollst\u00e4ndiger personenbezogener Daten \u2013 auch mittels einer erg\u00e4nzenden Erkl\u00e4rung \u2013 zu verlangen.<\/p>\n\n\n\n<p><strong>c) Recht auf L\u00f6schung (\u201eRecht auf Vergessenwerden\u201c)<\/strong><br>Auch haben Sie das Recht, von uns zu verlangen, dass wir Sie betreffende personenbezogene Daten unverz\u00fcglich l\u00f6schen. Wir sind verpflichtet diesem Verlangen nachzukommen und personenbezogene Daten zu l\u00f6schen, sofern wir nicht rechtlich zur weiteren Verarbeitung Ihrer Daten verpflichtet oder berechtigt sind. Einzelheiten hierzu entnehmen Sie bitte <a href=\"http:\/\/dejure.org\/gesetze\/DSGVO\/17.html\" target=\"_blank\" rel=\"noreferrer noopener\">Art. 17 DSGVO<\/a>.<\/p>\n\n\n\n<p><strong>d) Recht auf Einschr\u00e4nkung der Verarbeitung<\/strong><br>Sie haben das Recht, von uns die Einschr\u00e4nkung der Verarbeitung zu verlangen, sofern die gesetzlichen Voraussetzungen nach <a href=\"http:\/\/dejure.org\/gesetze\/DSGVO\/18.html\" target=\"_blank\" rel=\"noreferrer noopener\">\u00a7 18 DSGVO<\/a> vorliegen.<\/p>\n\n\n\n<p><strong>e) Recht auf Unterrichtung<\/strong><br>Gem\u00e4\u00df <a href=\"http:\/\/dejure.org\/gesetze\/DSGVO\/19.html\" target=\"_blank\" rel=\"noreferrer noopener\">Art. 19 DSGVO<\/a> haben Sie das Recht auf Berichtigung, L\u00f6schung oder Einschr\u00e4nkung der Verarbeitung. Wenn Sie dies bei uns geltend gemacht haben, sind wir verpflichtet, allen Empf\u00e4ngern, denen &nbsp;Sie betreffende personenbezogene Daten offengelegt wurden, diese Berichtigung oder L\u00f6schung der Daten oder Einschr\u00e4nkung der Verarbeitung mitzuteilen, es sei denn, dies erweist sich als unm\u00f6glich oder ist mit einem unverh\u00e4ltnism\u00e4\u00dfigen Aufwand verbunden.<br>Ihnen steht gegen\u00fcber uns das Recht zu, \u00fcber diese Empf\u00e4nger unterrichtet zu werden.<\/p>\n\n\n\n<p><strong>f) Recht auf Daten\u00fcbertragbarkeit<\/strong><br>Sofern Ihre Daten mit Ihrer Einwilligung oder aufgrund eines Vertrages von uns verarbeitet werden, haben Sie das Recht, die Sie betreffenden personenbezogenen Daten, in einem strukturierten, g\u00e4ngigen und maschinenlesbaren Format zu erhalten. Sie haben ferner das Recht, diese Daten einem anderen Verantwortlichen zu \u00fcbertragen, sofern die gesetzlichen Voraussetzungen nach <a href=\"http:\/\/dejure.org\/gesetze\/DSGVO\/20.html\" target=\"_blank\" rel=\"noreferrer noopener\">Art. 20 DSGVO<\/a> vorliegen.<\/p>\n\n\n\n<p><strong>g) Recht auf Widerspruch<\/strong><br>Sie haben das Recht, aus Gr\u00fcnden, die sich aus Ihrer besonderen Situation ergeben, jederzeit gegen die Verarbeitung der Sie betreffenden personenbezogenen Daten, die aufgrund von <a href=\"http:\/\/dejure.org\/gesetze\/DSGVO\/6.html\" target=\"_blank\" rel=\"noreferrer noopener\">Art. 6 Abs. 1<\/a> lit. e oder f DSGVO erfolgt, Widerspruch einzulegen<\/p>\n\n\n\n<p><strong>h) Recht auf Widerruf der datenschutzrechtlichen Einwilligungserkl\u00e4rung<\/strong><br>Sie haben das Recht, Ihre datenschutzrechtliche Einwilligungserkl\u00e4rung jederzeit zu widerrufen. Durch den Widerruf der Einwilligung wird die Rechtm\u00e4\u00dfigkeit der aufgrund der Einwilligung bis zum Widerruf erfolgten Verarbeitung nicht ber\u00fchrt.<\/p>\n\n\n\n<p><strong>i) Beschwerderecht<\/strong><br>Unbeschadet eines anderweitigen verwaltungsrechtlichen oder gerichtlichen Rechtsbehelfs steht Ihnen das Recht auf Beschwerde bei einer Aufsichtsbeh\u00f6rde, insbesondere in dem Mitgliedstaat Ihres Aufenthaltsorts, Ihres Arbeitsplatzes oder des Orts des mutma\u00dflichen Versto\u00dfes, zu, wenn Sie der Ansicht sind, dass die Verarbeitung der Sie betreffenden personenbezogenen Daten gegen die DSGVO verst\u00f6\u00dft.Die Aufsichtsbeh\u00f6rde, bei der die Beschwerde eingereicht wurde, unterrichtet Beschwerdef\u00fchrer*innen \u00fcber den Stand und die Ergebnisse der Beschwerde einschlie\u00dflich der M\u00f6glichkeit eines gerichtlichen Rechtsbehelfs nach <a href=\"http:\/\/dejure.org\/gesetze\/DSGVO\/78.html\" target=\"_blank\" rel=\"noreferrer noopener\">Art. 78 DSGVO<\/a>. Die f\u00fcr uns zust\u00e4ndige Aufsichtsbeh\u00f6rde ist:<br>Die Landesbeauftragte f\u00fcr Datenschutz und Informationsfreiheit<br>Arndtstra\u00dfe 1<br>27570 Bremerhaven<br>Tel.: +49 421 3612010 oder +49 471 5962010<br>Fax: +49 421 49618495<br>E-Mail: office@datenschutz.bremen.de<\/p>\n\n\n\n<p><strong>8.&nbsp;Datenschutz bei Bewerbungen und im Bewerbungsverfahren<\/strong><br>Der f\u00fcr die Verarbeitung Verantwortliche erhebt und verarbeitet die personenbezogenen Daten von Bewerbern zum Zwecke der Abwicklung des Bewerbungsverfahrens. Die Verarbeitung kann auch auf elektronischem Wege erfolgen. Dies ist insbesondere dann der Fall, wenn ein Bewerber entsprechende Bewerbungsunterlagen auf dem elektronischen Wege, beispielsweise per E-Mail , an den f\u00fcr die Verarbeitung Verantwortlichen \u00fcbermittelt. Schlie\u00dft der f\u00fcr die Verarbeitung Verantwortliche einen Anstellungsvertrag mit einem Bewerber, werden die \u00fcbermittelten Daten zum Zwecke der Abwicklung des Besch\u00e4ftigungsverh\u00e4ltnisses unter Beachtung der gesetzlichen Vorschriften gespeichert. Wird von dem f\u00fcr die Verarbeitung Verantwortlichen kein Anstellungsvertrag mit dem Bewerber geschlossen, so werden die Bewerbungsunterlagen zwei Monate nach Bekanntgabe der Absageentscheidung automatisch gel\u00f6scht, sofern einer L\u00f6schung keine sonstigen berechtigten Interessen des f\u00fcr die Verarbeitung Verantwortlichen entgegenstehen. Sonstiges berechtigtes Interesse in diesem Sinne ist beispielsweise eine Beweispflicht in einem Verfahren nach dem Allgemeinen Gleichbehandlungsgesetz (AGG).<\/p>\n\n\n\n<p><strong>9. Rechtsgrundlagen der Verarbeitung<\/strong><br>Soweit in den einzelnen Verarbeitungen unter den vorherigen Ziffern nicht bereits erw\u00e4hnt, zeigen wir nachfolgend die Rechtsgrundlagen auf, aufgrund welcher wir die Datenverarbeitung vornehmen.<br>Soweit wir f\u00fcr Verarbeitungsvorg\u00e4nge personenbezogener Daten eine Einwilligung der betroffenen Person einholen, dient Art. 6 Abs. 1 lit. a EU-Datenschutzgrundverordnung (DSGVO) als Rechtsgrundlage.<br>Bei der Verarbeitung von personenbezogenen Daten, die zur Erf\u00fcllung eines Vertrages, dessen Vertragspartei die betroffene Person ist, erforderlich ist, dient <a href=\"http:\/\/dejure.org\/gesetze\/DSGVO\/6.html\" target=\"_blank\" rel=\"noreferrer noopener\">Art. 6 Abs. 1 lit. b DSGVO<\/a> als Rechtsgrundlage. Dies gilt auch f\u00fcr Verarbeitungsvorg\u00e4nge, die zur Durchf\u00fchrung vorvertraglicher Ma\u00dfnahmen erforderlich sind.<br>Soweit eine Verarbeitung personenbezogener Daten zur Erf\u00fcllung einer rechtlichen Verpflichtung erforderlich ist, der unser Unternehmen unterliegt, dient <a href=\"http:\/\/dejure.org\/gesetze\/DSGVO\/6.html\" target=\"_blank\" rel=\"noreferrer noopener\">Art. 6 Abs. 1 lit. c DSGVO<\/a> als Rechtsgrundlage.<br>F\u00fcr den Fall, dass lebenswichtige Interessen der betroffenen Person oder einer anderen nat\u00fcrlichen Person eine Verarbeitung personenbezogener Daten erforderlich machen, dient <a href=\"http:\/\/dejure.org\/gesetze\/DSGVO\/6.html\" target=\"_blank\" rel=\"noreferrer noopener\">Art. 6 Abs. 1 lit. d DSGVO<\/a> als Rechtsgrundlage.<br>Ist die Verarbeitung zur Wahrung eines berechtigten Interesses unseres Vereins oder eines Dritten erforderlich und \u00fcberwiegen die Interessen, Grundrechte und Grundfreiheiten des Betroffenen das erstgenannte Interesse nicht, so dient <a href=\"http:\/\/dejure.org\/gesetze\/DSGVO\/6.html\" target=\"_blank\" rel=\"noreferrer noopener\">Art. 6 Abs. 1 lit. f DSGVO<\/a> als Rechtsgrundlage f\u00fcr die Verarbeitung.<\/p>\n\n\n\n<p><strong>10. Dauer der Speicherung personenbezogener Daten<\/strong><br>Die personenbezogenen Daten der betroffenen Person werden gel\u00f6scht oder gesperrt, sobald der Zweck der Speicherung entf\u00e4llt. Eine Speicherung kann dar\u00fcber hinaus erfolgen, wenn dies durch den europ\u00e4ischen oder nationalen Gesetzgeber in unionsrechtlichen Verordnungen, Gesetzen oder sonstigen Vorschriften, denen der Verantwortliche unterliegt, vorgesehen wurde. Eine Sperrung oder L\u00f6schung der Daten erfolgt auch dann, wenn eine durch die genannten Normen vorgeschriebene Speicherfrist abl\u00e4uft, es sei denn, dass eine Erforderlichkeit zur weiteren Speicherung der Daten f\u00fcr einen Vertragsabschluss oder eine Vertragserf\u00fcllung besteht.<\/p>\n","protected":false},"excerpt":{"rendered":"<p>Datenschutzhinweise (Informationspflichten nach Art. 13 DSGOV) 1. Name und Kontaktdaten des VerantwortlichenVerantwortlicher f\u00fcr die Datenverarbeitung ist das Zwergenland e.V.vertreten durch den VorstandAm Heidbergstift 3228717 Bremen Sie erreichen uns postalisch, per Email unter info@zwergenland-bremen.de oder per Telefon 0421\/167 66 88-0. 2. Erhebung personenbezogener Daten bei informatorischer NutzungBei der blo\u00df informatorischen Nutzung der Website erheben wir nur [&hellip;]<\/p>\n","protected":false},"author":1,"featured_media":0,"parent":0,"menu_order":0,"comment_status":"closed","ping_status":"closed","template":"","meta":{"footnotes":""},"class_list":["post-169","page","type-page","status-publish","hentry"],"_links":{"self":[{"href":"https:\/\/zwergenland-bremen.de\/index.php\/wp-json\/wp\/v2\/pages\/169","targetHints":{"allow":["GET"]}}],"collection":[{"href":"https:\/\/zwergenland-bremen.de\/index.php\/wp-json\/wp\/v2\/pages"}],"about":[{"href":"https:\/\/zwergenland-bremen.de\/index.php\/wp-json\/wp\/v2\/types\/page"}],"author":[{"embeddable":true,"href":"https:\/\/zwergenland-bremen.de\/index.php\/wp-json\/wp\/v2\/users\/1"}],"replies":[{"embeddable":true,"href":"https:\/\/zwergenland-bremen.de\/index.php\/wp-json\/wp\/v2\/comments?post=169"}],"version-history":[{"count":2,"href":"https:\/\/zwergenland-bremen.de\/index.php\/wp-json\/wp\/v2\/pages\/169\/revisions"}],"predecessor-version":[{"id":171,"href":"https:\/\/zwergenland-bremen.de\/index.php\/wp-json\/wp\/v2\/pages\/169\/revisions\/171"}],"wp:attachment":[{"href":"https:\/\/zwergenland-bremen.de\/index.php\/wp-json\/wp\/v2\/media?parent=169"}],"curies":[{"name":"wp","href":"https:\/\/api.w.org\/{rel}","templated":true}]}}