{"id":190,"date":"2022-10-04T22:15:58","date_gmt":"2022-10-04T20:15:58","guid":{"rendered":"https:\/\/wp1.zwergenland-bremen.de\/?page_id=190"},"modified":"2025-12-11T21:50:39","modified_gmt":"2025-12-11T19:50:39","slug":"unser-konzept","status":"publish","type":"page","link":"https:\/\/zwergenland-bremen.de\/index.php\/unser-konzept\/","title":{"rendered":"Unser Konzept"},"content":{"rendered":"\n<div class=\"wp-block-group alignfull has-accent-background-color has-background has-global-padding is-layout-constrained wp-container-core-group-is-layout-669513ed wp-block-group-is-layout-constrained\" style=\"margin-top:0;margin-bottom:0;padding-top:var(--wp--preset--spacing--50);padding-right:var(--wp--preset--spacing--50);padding-bottom:var(--wp--preset--spacing--50);padding-left:var(--wp--preset--spacing--50)\">\n<div class=\"wp-block-columns alignwide is-layout-flex wp-container-core-columns-is-layout-1da03c2a wp-block-columns-is-layout-flex\">\n<div class=\"wp-block-column is-vertically-aligned-stretch is-layout-flow wp-block-column-is-layout-flow\" style=\"flex-basis:50%\">\n<h2 class=\"wp-block-heading has-text-align-center\"><\/h2>\n\n\n\n<div class=\"wp-block-group is-vertical is-content-justification-stretch is-layout-flex wp-container-core-group-is-layout-444d5ee8 wp-block-group-is-layout-flex\" style=\"min-height:100%\">\n<p class=\"has-text-align-center has-heading-font-family has-large-font-size\" style=\"line-height:1.2\"><strong>&#8222;Die Arbeit l\u00e4uft dir nicht davon, wenn du deinem Kind den Regenbogen zeigst. Aber der Regenbogen wartet nicht, bis du mit der Arbeit fertig bist&#8220;<\/strong><\/p>\n\n\n\n<div class=\"wp-block-group has-global-padding is-content-justification-left is-layout-constrained wp-container-core-group-is-layout-9fe8ed88 wp-block-group-is-layout-constrained\">\n<p class=\"wp-container-content-0733e5d0\"><\/p>\n\n\n\n<div class=\"wp-block-buttons is-layout-flex wp-block-buttons-is-layout-flex\"><\/div>\n<\/div>\n<\/div>\n<\/div>\n\n\n\n<div class=\"wp-block-column is-vertically-aligned-center is-layout-flow wp-block-column-is-layout-flow\" style=\"flex-basis:50%\">\n<figure class=\"wp-block-image size-large is-resized is-style-rounded is-style-rounded--1\"><img loading=\"lazy\" decoding=\"async\" width=\"1024\" height=\"712\" src=\"https:\/\/zwergenland-bremen.de\/wp-content\/uploads\/2024\/08\/1920-trees-and-rainbow-beautiful-colors-in-the-blue-sky-1024x712.jpg\" alt=\"\" class=\"wp-image-499\" style=\"aspect-ratio:0.75;object-fit:cover;width:210px;height:auto\" srcset=\"https:\/\/zwergenland-bremen.de\/wp-content\/uploads\/2024\/08\/1920-trees-and-rainbow-beautiful-colors-in-the-blue-sky-1024x712.jpg 1024w, https:\/\/zwergenland-bremen.de\/wp-content\/uploads\/2024\/08\/1920-trees-and-rainbow-beautiful-colors-in-the-blue-sky-300x209.jpg 300w, https:\/\/zwergenland-bremen.de\/wp-content\/uploads\/2024\/08\/1920-trees-and-rainbow-beautiful-colors-in-the-blue-sky-768x534.jpg 768w, https:\/\/zwergenland-bremen.de\/wp-content\/uploads\/2024\/08\/1920-trees-and-rainbow-beautiful-colors-in-the-blue-sky-1536x1068.jpg 1536w, https:\/\/zwergenland-bremen.de\/wp-content\/uploads\/2024\/08\/1920-trees-and-rainbow-beautiful-colors-in-the-blue-sky.jpg 1920w\" sizes=\"auto, (max-width: 1024px) 100vw, 1024px\" \/><figcaption class=\"wp-element-caption\"><a href=\"https:\/\/de.vecteezy.com\/fotos-kostenlos\/regenbogen\">Regenbogen Fotos auf Lager von Vecteezy<\/a><\/figcaption><\/figure>\n<\/div>\n<\/div>\n<\/div>\n\n\n\n<div class=\"wp-block-group alignfull has-base-background-color has-background has-global-padding is-layout-constrained wp-container-core-group-is-layout-d89aad35 wp-block-group-is-layout-constrained\" style=\"margin-top:0;margin-bottom:0;padding-top:var(--wp--preset--spacing--50);padding-right:var(--wp--preset--spacing--50);padding-bottom:var(--wp--preset--spacing--50);padding-left:var(--wp--preset--spacing--50)\">\n<div class=\"wp-block-columns alignwide is-layout-flex wp-container-core-columns-is-layout-549b0c86 wp-block-columns-is-layout-flex\">\n<div class=\"wp-block-column has-global-padding is-content-justification-left is-layout-constrained wp-container-core-column-is-layout-4f15e8fe wp-block-column-is-layout-constrained\" style=\"flex-basis:40%\">\n<p><\/p>\n<\/div>\n\n\n\n<div class=\"wp-block-column is-layout-flow wp-container-core-column-is-layout-119bc444 wp-block-column-is-layout-flow\" style=\"flex-basis:60%\">\n<h2 class=\"wp-block-heading has-large-font-size\"><em>P\u00e4dagogische Arbeitsweise und Zielsetzung<\/em><\/h2>\n\n\n\n<p class=\"has-heading-font-family has-large-font-size\" style=\"line-height:1.2\">&#8222;Kinder sind von Geburt an Akteure Ihrer selbst&#8220;<\/p>\n\n\n\n<div class=\"wp-block-columns is-layout-flex wp-container-core-columns-is-layout-87beb0d0 wp-block-columns-is-layout-flex\">\n<div class=\"wp-block-column is-layout-flow wp-block-column-is-layout-flow\">\n<p class=\"wp-container-content-9cfa9a5a\">Jedes Kind ist einzigartig und individuell, jedes Kind findet einen eigenen Weg sich zu entwickeln, mit seiner Umwelt in Kontakt zu treten und zu kommunizieren.Wir unterst\u00fctzen die Kinder dabei sich in ihrer Entwicklung frei zu entfalten und selbstst\u00e4ndig und unabh\u00e4ngig zu werden.F\u00fcr uns wird dies ma\u00dfgeblich im freien Spiel und in der Interaktion mit anderen Kindern gef\u00f6rdert. Wir geben den Kindern viel Raum und Zeit Ideen zu entwickeln und kreativ zu sein.<\/p>\n<\/div>\n\n\n\n<div class=\"wp-block-column is-layout-flow wp-block-column-is-layout-flow\">\n<p>Unsere Lernziele sind: <\/p>\n\n\n\n<ul class=\"wp-block-list\">\n<li>Die Kinder in ihrer individuellen Entwicklung unterst\u00fctzen<\/li>\n\n\n\n<li>Sie in ihrem Selbstvertrauen und Selbstwertgef\u00fchl st\u00e4rken<\/li>\n\n\n\n<li>Ihnen ganzheitliches Lernen in Orientierung am Bremer Rahmenplan f\u00fcr Bildung und<\/li>\n\n\n\n<li>Erziehung erm\u00f6glichen<\/li>\n\n\n\n<li>Ihnen forschendes Lernen, Anregung zur Selbstbildung durch Material und R\u00e4ume im<\/li>\n\n\n\n<li>Freispiel erm\u00f6glichen<\/li>\n\n\n\n<li>Einen respektvollen Umgang miteinander erlernen<\/li>\n\n\n\n<li>Ihre Selbstst\u00e4ndigkeit f\u00f6rdern<\/li>\n\n\n\n<li>Ihnen vielf\u00e4ltige Erfahrungsm\u00f6glichkeiten bieten<\/li>\n\n\n\n<li>Naturerlebnisse schaffen<\/li>\n<\/ul>\n<\/div>\n<\/div>\n<\/div>\n<\/div>\n<\/div>\n\n\n\n<div class=\"wp-block-group alignfull has-accent-5-background-color has-background has-global-padding is-layout-constrained wp-container-core-group-is-layout-d89aad35 wp-block-group-is-layout-constrained\" style=\"margin-top:0;margin-bottom:0;padding-top:var(--wp--preset--spacing--50);padding-right:var(--wp--preset--spacing--50);padding-bottom:var(--wp--preset--spacing--50);padding-left:var(--wp--preset--spacing--50)\">\n<div class=\"wp-block-columns alignwide is-layout-flex wp-container-core-columns-is-layout-1da03c2a wp-block-columns-is-layout-flex\">\n<div class=\"wp-block-column is-vertically-aligned-center is-layout-flow wp-block-column-is-layout-flow\" style=\"flex-basis:60%\">\n<figure class=\"wp-block-image size-full is-resized is-style-rounded wp-duotone-duotone-1 is-style-rounded--2\"><img loading=\"lazy\" decoding=\"async\" width=\"2560\" height=\"1703\" src=\"https:\/\/zwergenland-bremen.de\/wp-content\/uploads\/2024\/08\/vecteezy_hand-woman-holding-white-board-in-the-garden_3383792-scaled.jpg\" alt=\"\" class=\"wp-image-500\" style=\"aspect-ratio:1.3333333333333333;object-fit:cover;width:375px;height:auto\" srcset=\"https:\/\/zwergenland-bremen.de\/wp-content\/uploads\/2024\/08\/vecteezy_hand-woman-holding-white-board-in-the-garden_3383792-scaled.jpg 2560w, https:\/\/zwergenland-bremen.de\/wp-content\/uploads\/2024\/08\/vecteezy_hand-woman-holding-white-board-in-the-garden_3383792-300x200.jpg 300w, https:\/\/zwergenland-bremen.de\/wp-content\/uploads\/2024\/08\/vecteezy_hand-woman-holding-white-board-in-the-garden_3383792-1024x681.jpg 1024w, https:\/\/zwergenland-bremen.de\/wp-content\/uploads\/2024\/08\/vecteezy_hand-woman-holding-white-board-in-the-garden_3383792-768x511.jpg 768w, https:\/\/zwergenland-bremen.de\/wp-content\/uploads\/2024\/08\/vecteezy_hand-woman-holding-white-board-in-the-garden_3383792-1536x1022.jpg 1536w, https:\/\/zwergenland-bremen.de\/wp-content\/uploads\/2024\/08\/vecteezy_hand-woman-holding-white-board-in-the-garden_3383792-2048x1363.jpg 2048w\" sizes=\"auto, (max-width: 2560px) 100vw, 2560px\" \/><figcaption class=\"wp-element-caption\"><a href=\"https:\/\/de.vecteezy.com\/fotos-kostenlos\/whiteboard\">Whiteboard Fotos auf Lager von Vecteezy<\/a><\/figcaption><\/figure>\n<\/div>\n\n\n\n<div class=\"wp-block-column is-layout-flow wp-block-column-is-layout-flow\" style=\"flex-basis:40%\">\n<h2 class=\"wp-block-heading has-large-font-size\"><em>Die Rolle der p\u00e4dagogischen Fachkraft<\/em><\/h2>\n\n\n\n<p>Unsere Aufgabe ist es, die Kinder in ihrer individuellen Entwicklung zu unterst\u00fctzen und zu f\u00f6rdern. Dazu geh\u00f6rt, dass wir jedes Kind im Blick haben, hinh\u00f6ren, zuschauen, anregen und begleiten. Wir bringen ihnen Vertrauen entgegen und stellen eine feste, verl\u00e4ssliche Bindung zu den Kindern her.<br>Unser Umgang mit den Kindern ist von gegenseitigem Respekt und Wertsch\u00e4tzung gepr\u00e4gt. Wir lassen den Kindern Freir\u00e4ume um sich im freien Spiel zu entfalten und zu entwickeln. Selbstverst\u00e4ndlich schreiten wir dort ein, wo vereinbarte Grenzen \u00fcberschritten werden. Es gilt auch, den Kindern deutlich zu machen, dass in solch einer Situation nicht sie als Person abgelehnt werden, sondern nur das von ihnen gezeigte Verhalten.<\/p>\n\n\n\n<div class=\"wp-block-buttons is-layout-flex wp-block-buttons-is-layout-flex\"><\/div>\n<\/div>\n<\/div>\n<\/div>\n\n\n\n<div class=\"wp-block-group alignfull has-global-padding is-layout-constrained wp-container-core-group-is-layout-669513ed wp-block-group-is-layout-constrained\" style=\"margin-top:0;margin-bottom:0;padding-top:var(--wp--preset--spacing--50);padding-right:var(--wp--preset--spacing--50);padding-bottom:var(--wp--preset--spacing--50);padding-left:var(--wp--preset--spacing--50)\">\n<div class=\"wp-block-group is-vertical is-content-justification-center is-layout-flex wp-container-core-group-is-layout-ce155fab wp-block-group-is-layout-flex\">\n<h2 class=\"wp-block-heading has-text-align-center has-large-font-size\"><em>Erziehungspatenschaft<\/em><\/h2>\n\n\n\n<p class=\"has-text-align-left\">Um die Entwicklung der Kinder optimal begleiten zu k\u00f6nnen, ist der vertrauens-und respektvolle Umgang zwischen Fachkr\u00e4ften und Eltern besonders wichtig. Offenheit und Toleranz spielen dabei ebenfalls eine wichtig Rolle. F\u00fcr den Austausch zwischen Fachkraft und Eltern sorgen regelm\u00e4\u00dfige Elternabende, Elterngespr\u00e4che, sowie auch die \u201eT\u00fcr und Angel Gespr\u00e4che\u201c bei der Bring- und Abholzeit..<\/p>\n<\/div>\n<\/div>\n\n\n\n<div class=\"wp-block-group alignfull has-global-padding is-layout-constrained wp-container-core-group-is-layout-d89aad35 wp-block-group-is-layout-constrained\" style=\"margin-top:0;margin-bottom:0;padding-top:var(--wp--preset--spacing--50);padding-right:var(--wp--preset--spacing--50);padding-bottom:var(--wp--preset--spacing--50);padding-left:var(--wp--preset--spacing--50)\">\n<div class=\"wp-block-columns alignwide are-vertically-aligned-center is-layout-flex wp-container-core-columns-is-layout-47c06fe3 wp-block-columns-is-layout-flex\">\n<div class=\"wp-block-column is-vertically-aligned-center is-layout-flow wp-block-column-is-layout-flow\" style=\"flex-basis:50%\">\n<h2 class=\"wp-block-heading has-text-align-center has-large-font-size\"><em>P\u00e4dagogische Angebote und Projekte<\/em><\/h2>\n\n\n\n<p>In unseren Gruppen finden t\u00e4glich wechselnde Angebote aus den verschiedensten Bildungs- und Lernbereichen statt. Wir orientieren uns dabei an den Bed\u00fcrfnissen und Interessen der Kinder.&nbsp;<\/p>\n\n\n\n<p>Wir basteln, malen und experimentieren in unseren R\u00e4umlichkeiten.&nbsp;<\/p>\n\n\n\n<p>Wir musizieren gerne gemeinsam. Am Dienstag (Krippe) und am Donnerstag (Elementarbereich) kommt daf\u00fcr eine Musikp\u00e4dagoge:in zu uns ins Haus.&nbsp;<\/p>\n\n\n\n<p>Am Freitag bereiten wir mit den Kindern ein gemeinsames Fr\u00fchst\u00fcck zu.&nbsp;<\/p>\n\n\n\n<p>Jeden Freitag gehen wir turnen. Daf\u00fcr gehen wir zur nahe gelegenen Grundschule, wo wir die Turnhalle nutzen d\u00fcrfen. Hier bauen wir verschiedene Landschaften oder Spiele auf.&nbsp;<\/p>\n\n\n\n<p>Au\u00dferdem sind wir viel an der frischen Luft, entweder auf unserem Au\u00dfengel\u00e4nde oder wir gehen spazieren, an der Lesum oder in den Park.&nbsp;<\/p>\n\n\n\n<p>Einen gro\u00dfen Teil unserer Arbeit nimmt die Lern- und Entwicklungsdokumentation ein. Jedes Kind hat eine eigene Portfolio Mappe, in der die Entwicklung des Kindes anhand von Lerngeschichten, Fotos und Bildern dokumentiert wird.&nbsp;<\/p>\n\n\n\n<p>Au\u00dferdem legen wir einen Fokus auf die sprachliche Entwicklung der Kinder. Daf\u00fcr setzen wir Sprachf\u00f6rderm\u00f6glichkeiten im Alltag um, bieten aber auch gezielte Sprachf\u00f6rderprojekte an.&nbsp;<\/p>\n\n\n\n<p>Wir gehen gemeinsam auf Ausfl\u00fcge in den Streichelzoo, zu Ausstellungen oder ins Theater. Einmal im Jahr \u00fcbernachten die Dinos im Kindergarten.&nbsp;<\/p>\n\n\n\n<p>Unsere Vorschulkinder werden von einer Fachkraft am Mittwoch in verschiedenen Bereichen mit p\u00e4dagogischen Angeboten gef\u00f6rdert.&nbsp;<\/p>\n\n\n\n<div class=\"wp-block-group is-layout-grid wp-container-core-group-is-layout-478b6e6b wp-block-group-is-layout-grid\">\n<p class=\"has-medium-font-size\"><strong>Projektarbeit:<\/strong><br>Unsere Projekte orientieren sich an den Themen der Kinder. In der letzten Zeit haben wir zu<br>folgenden Themen Projektwochen gestaltet.<\/p>\n\n\n\n<p><\/p>\n\n\n\n<ul class=\"wp-block-list\">\n<li>Universum<\/li>\n\n\n\n<li>M\u00e4rchen<\/li>\n\n\n\n<li>Unser Garten<\/li>\n\n\n\n<li>Emotionen<\/li>\n\n\n\n<li>Hell und Dunkel- Tag und Nacht<\/li>\n\n\n\n<li>Farben<\/li>\n\n\n\n<li>Gef\u00fchle<\/li>\n\n\n\n<li>Tanzen<\/li>\n\n\n\n<li>Kinder dieser Welt<\/li>\n\n\n\n<li>Wasser<\/li>\n\n\n\n<li>Zahlenland<\/li>\n\n\n\n<li>\u00d6kologiestation<\/li>\n\n\n\n<li>Milchhof K\u00fcck<\/li>\n<\/ul>\n<\/div>\n\n\n\n<p><em>Jacqueline Schnoor<\/em><\/p>\n\n\n\n<p><\/p>\n<\/div>\n\n\n\n<div class=\"wp-block-column is-vertically-aligned-center is-layout-flow wp-block-column-is-layout-flow\" style=\"flex-basis:50%\">\n<figure class=\"wp-block-image size-full is-resized is-style-rounded is-style-rounded--3\"><img loading=\"lazy\" decoding=\"async\" width=\"2560\" height=\"1280\" src=\"https:\/\/zwergenland-bremen.de\/wp-content\/uploads\/2024\/08\/vecteezy_colorful-handprints-on-white-background_48644993-scaled.jpeg\" alt=\"\" class=\"wp-image-501\" style=\"aspect-ratio:1.3333333333333333;object-fit:cover;width:329px;height:auto\" srcset=\"https:\/\/zwergenland-bremen.de\/wp-content\/uploads\/2024\/08\/vecteezy_colorful-handprints-on-white-background_48644993-scaled.jpeg 2560w, https:\/\/zwergenland-bremen.de\/wp-content\/uploads\/2024\/08\/vecteezy_colorful-handprints-on-white-background_48644993-300x150.jpeg 300w, https:\/\/zwergenland-bremen.de\/wp-content\/uploads\/2024\/08\/vecteezy_colorful-handprints-on-white-background_48644993-1024x512.jpeg 1024w, https:\/\/zwergenland-bremen.de\/wp-content\/uploads\/2024\/08\/vecteezy_colorful-handprints-on-white-background_48644993-768x384.jpeg 768w, https:\/\/zwergenland-bremen.de\/wp-content\/uploads\/2024\/08\/vecteezy_colorful-handprints-on-white-background_48644993-1536x768.jpeg 1536w, https:\/\/zwergenland-bremen.de\/wp-content\/uploads\/2024\/08\/vecteezy_colorful-handprints-on-white-background_48644993-2048x1024.jpeg 2048w\" sizes=\"auto, (max-width: 2560px) 100vw, 2560px\" \/><figcaption class=\"wp-element-caption\"><a href=\"https:\/\/de.vecteezy.com\/fotos-kostenlos\/bunt\">Bunt Fotos auf Lager von Vecteezy<\/a><\/figcaption><\/figure>\n<\/div>\n<\/div>\n<\/div>\n\n\n\n<p><\/p>\n","protected":false},"excerpt":{"rendered":"<p>&#8222;Die Arbeit l\u00e4uft dir nicht davon, wenn du deinem Kind den Regenbogen zeigst. Aber der Regenbogen wartet nicht, bis du mit der Arbeit fertig bist&#8220; P\u00e4dagogische Arbeitsweise und Zielsetzung &#8222;Kinder sind von Geburt an Akteure Ihrer selbst&#8220; Jedes Kind ist einzigartig und individuell, jedes Kind findet einen eigenen Weg sich zu entwickeln, mit seiner Umwelt [&hellip;]<\/p>\n","protected":false},"author":1,"featured_media":0,"parent":0,"menu_order":0,"comment_status":"closed","ping_status":"closed","template":"","meta":{"footnotes":""},"class_list":["post-190","page","type-page","status-publish","hentry"],"_links":{"self":[{"href":"https:\/\/zwergenland-bremen.de\/index.php\/wp-json\/wp\/v2\/pages\/190","targetHints":{"allow":["GET"]}}],"collection":[{"href":"https:\/\/zwergenland-bremen.de\/index.php\/wp-json\/wp\/v2\/pages"}],"about":[{"href":"https:\/\/zwergenland-bremen.de\/index.php\/wp-json\/wp\/v2\/types\/page"}],"author":[{"embeddable":true,"href":"https:\/\/zwergenland-bremen.de\/index.php\/wp-json\/wp\/v2\/users\/1"}],"replies":[{"embeddable":true,"href":"https:\/\/zwergenland-bremen.de\/index.php\/wp-json\/wp\/v2\/comments?post=190"}],"version-history":[{"count":14,"href":"https:\/\/zwergenland-bremen.de\/index.php\/wp-json\/wp\/v2\/pages\/190\/revisions"}],"predecessor-version":[{"id":810,"href":"https:\/\/zwergenland-bremen.de\/index.php\/wp-json\/wp\/v2\/pages\/190\/revisions\/810"}],"wp:attachment":[{"href":"https:\/\/zwergenland-bremen.de\/index.php\/wp-json\/wp\/v2\/media?parent=190"}],"curies":[{"name":"wp","href":"https:\/\/api.w.org\/{rel}","templated":true}]}}