{"id":21,"date":"2022-06-30T13:35:28","date_gmt":"2022-06-30T13:35:28","guid":{"rendered":"https:\/\/wp.saschaluede.de\/wordpress\/?page_id=21"},"modified":"2026-02-04T20:38:26","modified_gmt":"2026-02-04T18:38:26","slug":"wer-wir-sind","status":"publish","type":"page","link":"https:\/\/zwergenland-bremen.de\/index.php\/wer-wir-sind\/","title":{"rendered":"Wer wir sind"},"content":{"rendered":"<p>Liebe Eltern,<\/p>\n<p>herzlich willkommen im Kindergarten Zwergenland e.V. Wir sind ein <a title=\"Elternverein\" href=\"https:\/\/zwergenland-bremen.de\/index.php\/erziehungspartnerschaft\/\">Elternverein<\/a> im Herzen Lesums und haben im August 2008 erstmalig unseren Betrieb aufgenommen.<\/p>\n<p>Insgesamt bietet unser Kindergarten Platz f\u00fcr 36 Kinder und umfasst zwei Gruppen f\u00fcr Kinder zwischen 1 &#8211; 3 Jahren sowie eine Gruppe f\u00fcr Kinder im Alter von 3 &#8211; 6 Jahren. Au\u00dferdem gibt es bei uns eine altersgemischte Nachmittagsgruppe.<\/p>\n<p>Unsere Einrichtung ist ein Ort der sozialen Begegnung. Jede Familie soll sich bei uns wohlf\u00fchlen und die Kinder in ihren individuellen F\u00e4higkeiten und Interessen wahrgenommen und gef\u00f6rdert werden. Wir m\u00f6chten einen Lebensraum schaffen, der Freir\u00e4ume zum kindgerechten Spielen und Handeln er\u00f6ffnet.<\/p>\n<p>Durch unsere Struktur als Elternverein sind die Eltern fest in unseren Alltag eingebunden und unterst\u00fctzen uns bei wesentlichen Aufgaben wie dem Einkaufen, der W\u00e4sche, handwerklichen Arbeiten oder der Gartenarbeit. Wer sich f\u00fcr den Eintritt in den Verein Zwergenland e.V. entscheidet, sollte Freude daran haben, sich einzubringen und den Kindergartenalltag aktiv mitzugestalten. Unsere Fachkr\u00e4fte gestalten die p\u00e4dagogischen Inhalte, w\u00e4hrend die Eltern den Rahmen f\u00fcr eine gute Zusammenarbeit und eine gelungene Entwicklung der Kinder schaffen.<\/p>\n<p>Bei unserer Arbeit orientieren wir uns am <a href=\"https:\/\/www.bildung.bremen.de\/detail.php?gsid=bremen69.c.22520.de\" target=\"_blank\" rel=\"noopener noreferrer\">Bremer Rahmenplan f\u00fcr Bildung und Erziehung<\/a>. Wir sind Mitglied im <a href=\"http:\/\/www.verbundbremerkindergruppen.de\" target=\"_blank\" rel=\"noopener noreferrer\">Verbund Bremer Kindergruppen<\/a>.<\/p>\n<p><strong>Einkaufen und ohne Mehrkosten helfen:<br \/><\/strong><\/p>\n<ul>\n<li><a href=\"https:\/\/www.bildungsspender.de\/zwergenland-bremen\" target=\"_blank\" rel=\"noopener noreferrer\">www.bildungsspender.de\/zwergenland-bremen<\/a><\/li>\n<li><a href=\"https:\/\/einkaufen.gooding.de\/zwergenland-bremen-e-v-87673\" target=\"_blank\" rel=\"noopener noreferrer\">www.einkaufen.gooding.de\/zwergenland-bremen<\/a><\/li>\n<\/ul>\n<p><strong>Unsere Kontonummer f\u00fcr Spenden:<\/strong><\/p>\n<p>Zwergenland e.V.<br \/>Braunschweigische Landessparkasse<br \/>DE79 2505 0000 1051 1050 28<br \/>BRLADE22XXX<\/p>\n\n\n<figure class=\"wp-block-image size-large\"><img loading=\"lazy\" decoding=\"async\" width=\"1024\" height=\"768\" src=\"https:\/\/zwergenland-bremen.de\/wp-content\/uploads\/2025\/07\/20250603_101538-1024x768.jpg\" alt=\"\" class=\"wp-image-650\" srcset=\"https:\/\/zwergenland-bremen.de\/wp-content\/uploads\/2025\/07\/20250603_101538-1024x768.jpg 1024w, https:\/\/zwergenland-bremen.de\/wp-content\/uploads\/2025\/07\/20250603_101538-300x225.jpg 300w, https:\/\/zwergenland-bremen.de\/wp-content\/uploads\/2025\/07\/20250603_101538-768x576.jpg 768w, https:\/\/zwergenland-bremen.de\/wp-content\/uploads\/2025\/07\/20250603_101538-1536x1152.jpg 1536w, https:\/\/zwergenland-bremen.de\/wp-content\/uploads\/2025\/07\/20250603_101538-2048x1536.jpg 2048w\" sizes=\"auto, (max-width: 1024px) 100vw, 1024px\" \/><\/figure>\n","protected":false},"excerpt":{"rendered":"<p>Liebe Eltern, herzlich willkommen im Kindergarten Zwergenland e.V. Wir sind ein Elternverein im Herzen Lesums und haben im August 2008 erstmalig unseren Betrieb aufgenommen. Insgesamt bietet unser Kindergarten Platz f\u00fcr 36 Kinder und umfasst zwei Gruppen f\u00fcr Kinder zwischen 1 &#8211; 3 Jahren sowie eine Gruppe f\u00fcr Kinder im Alter von 3 &#8211; 6 Jahren. [&hellip;]<\/p>\n","protected":false},"author":1,"featured_media":855,"parent":0,"menu_order":0,"comment_status":"closed","ping_status":"closed","template":"","meta":{"footnotes":""},"class_list":["post-21","page","type-page","status-publish","has-post-thumbnail","hentry"],"_links":{"self":[{"href":"https:\/\/zwergenland-bremen.de\/index.php\/wp-json\/wp\/v2\/pages\/21","targetHints":{"allow":["GET"]}}],"collection":[{"href":"https:\/\/zwergenland-bremen.de\/index.php\/wp-json\/wp\/v2\/pages"}],"about":[{"href":"https:\/\/zwergenland-bremen.de\/index.php\/wp-json\/wp\/v2\/types\/page"}],"author":[{"embeddable":true,"href":"https:\/\/zwergenland-bremen.de\/index.php\/wp-json\/wp\/v2\/users\/1"}],"replies":[{"embeddable":true,"href":"https:\/\/zwergenland-bremen.de\/index.php\/wp-json\/wp\/v2\/comments?post=21"}],"version-history":[{"count":7,"href":"https:\/\/zwergenland-bremen.de\/index.php\/wp-json\/wp\/v2\/pages\/21\/revisions"}],"predecessor-version":[{"id":788,"href":"https:\/\/zwergenland-bremen.de\/index.php\/wp-json\/wp\/v2\/pages\/21\/revisions\/788"}],"wp:featuredmedia":[{"embeddable":true,"href":"https:\/\/zwergenland-bremen.de\/index.php\/wp-json\/wp\/v2\/media\/855"}],"wp:attachment":[{"href":"https:\/\/zwergenland-bremen.de\/index.php\/wp-json\/wp\/v2\/media?parent=21"}],"curies":[{"name":"wp","href":"https:\/\/api.w.org\/{rel}","templated":true}]}}