{"id":23,"date":"2022-06-30T13:35:40","date_gmt":"2022-06-30T13:35:40","guid":{"rendered":"https:\/\/wp.saschaluede.de\/wordpress\/?page_id=23"},"modified":"2026-01-02T13:25:47","modified_gmt":"2026-01-02T11:25:47","slug":"hereinspaziert","status":"publish","type":"page","link":"https:\/\/zwergenland-bremen.de\/index.php\/hereinspaziert\/","title":{"rendered":"Hereinspaziert"},"content":{"rendered":"\n<p>Hereinspaziert&#8230;..<\/p>\n\n\n\n<figure class=\"wp-block-image size-large\"><img loading=\"lazy\" decoding=\"async\" width=\"1024\" height=\"768\" src=\"https:\/\/zwergenland-bremen.de\/wp-content\/uploads\/2025\/07\/20250603_101527-1024x768.jpg\" alt=\"\" class=\"wp-image-652\" srcset=\"https:\/\/zwergenland-bremen.de\/wp-content\/uploads\/2025\/07\/20250603_101527-1024x768.jpg 1024w, https:\/\/zwergenland-bremen.de\/wp-content\/uploads\/2025\/07\/20250603_101527-300x225.jpg 300w, https:\/\/zwergenland-bremen.de\/wp-content\/uploads\/2025\/07\/20250603_101527-768x576.jpg 768w, https:\/\/zwergenland-bremen.de\/wp-content\/uploads\/2025\/07\/20250603_101527-1536x1152.jpg 1536w, https:\/\/zwergenland-bremen.de\/wp-content\/uploads\/2025\/07\/20250603_101527-2048x1536.jpg 2048w\" sizes=\"auto, (max-width: 1024px) 100vw, 1024px\" \/><\/figure>\n\n\n\n<p>Unsere Einrichtung<\/p>\n\n\n\n<p>Unser Au\u00dfengel\u00e4nde<\/p>\n\n\n\n<figure class=\"wp-block-gallery has-nested-images columns-default is-cropped wp-block-gallery-1 is-layout-flex wp-block-gallery-is-layout-flex\">\n<figure class=\"wp-block-image size-large\"><img loading=\"lazy\" decoding=\"async\" width=\"1024\" height=\"768\" data-id=\"654\" src=\"https:\/\/zwergenland-bremen.de\/wp-content\/uploads\/2025\/07\/P1030646-1024x768.jpg\" alt=\"\" class=\"wp-image-654\" srcset=\"https:\/\/zwergenland-bremen.de\/wp-content\/uploads\/2025\/07\/P1030646-1024x768.jpg 1024w, https:\/\/zwergenland-bremen.de\/wp-content\/uploads\/2025\/07\/P1030646-300x225.jpg 300w, https:\/\/zwergenland-bremen.de\/wp-content\/uploads\/2025\/07\/P1030646-768x576.jpg 768w, https:\/\/zwergenland-bremen.de\/wp-content\/uploads\/2025\/07\/P1030646-1536x1152.jpg 1536w, https:\/\/zwergenland-bremen.de\/wp-content\/uploads\/2025\/07\/P1030646-2048x1536.jpg 2048w\" sizes=\"auto, (max-width: 1024px) 100vw, 1024px\" \/><\/figure>\n\n\n\n<figure class=\"wp-block-image size-large\"><img loading=\"lazy\" decoding=\"async\" width=\"1024\" height=\"768\" data-id=\"655\" src=\"https:\/\/zwergenland-bremen.de\/wp-content\/uploads\/2025\/07\/P1030656-1024x768.jpg\" alt=\"\" class=\"wp-image-655\" srcset=\"https:\/\/zwergenland-bremen.de\/wp-content\/uploads\/2025\/07\/P1030656-1024x768.jpg 1024w, https:\/\/zwergenland-bremen.de\/wp-content\/uploads\/2025\/07\/P1030656-300x225.jpg 300w, https:\/\/zwergenland-bremen.de\/wp-content\/uploads\/2025\/07\/P1030656-768x576.jpg 768w, https:\/\/zwergenland-bremen.de\/wp-content\/uploads\/2025\/07\/P1030656-1536x1152.jpg 1536w, https:\/\/zwergenland-bremen.de\/wp-content\/uploads\/2025\/07\/P1030656-2048x1536.jpg 2048w\" sizes=\"auto, (max-width: 1024px) 100vw, 1024px\" \/><\/figure>\n<\/figure>\n\n\n\n<figure class=\"wp-block-image size-large\"><img loading=\"lazy\" decoding=\"async\" width=\"1024\" height=\"426\" src=\"https:\/\/zwergenland-bremen.de\/wp-content\/uploads\/2025\/08\/20250808_111810-1024x426.jpg\" alt=\"\" class=\"wp-image-748\" srcset=\"https:\/\/zwergenland-bremen.de\/wp-content\/uploads\/2025\/08\/20250808_111810-1024x426.jpg 1024w, https:\/\/zwergenland-bremen.de\/wp-content\/uploads\/2025\/08\/20250808_111810-300x125.jpg 300w, https:\/\/zwergenland-bremen.de\/wp-content\/uploads\/2025\/08\/20250808_111810-768x320.jpg 768w, https:\/\/zwergenland-bremen.de\/wp-content\/uploads\/2025\/08\/20250808_111810-1536x639.jpg 1536w, https:\/\/zwergenland-bremen.de\/wp-content\/uploads\/2025\/08\/20250808_111810-2048x853.jpg 2048w\" sizes=\"auto, (max-width: 1024px) 100vw, 1024px\" \/><\/figure>\n\n\n\n<p>Ein paar Einblicke in die Einrichtung&#8230;<\/p>\n\n\n\n<figure class=\"wp-block-gallery has-nested-images columns-default is-cropped wp-block-gallery-2 is-layout-flex wp-block-gallery-is-layout-flex\">\n<figure class=\"wp-block-image size-large\"><img loading=\"lazy\" decoding=\"async\" width=\"1024\" height=\"768\" data-id=\"656\" src=\"https:\/\/zwergenland-bremen.de\/wp-content\/uploads\/2025\/07\/P1030612-1024x768.jpg\" alt=\"\" class=\"wp-image-656\" srcset=\"https:\/\/zwergenland-bremen.de\/wp-content\/uploads\/2025\/07\/P1030612-1024x768.jpg 1024w, https:\/\/zwergenland-bremen.de\/wp-content\/uploads\/2025\/07\/P1030612-300x225.jpg 300w, https:\/\/zwergenland-bremen.de\/wp-content\/uploads\/2025\/07\/P1030612-768x576.jpg 768w, https:\/\/zwergenland-bremen.de\/wp-content\/uploads\/2025\/07\/P1030612-1536x1152.jpg 1536w, https:\/\/zwergenland-bremen.de\/wp-content\/uploads\/2025\/07\/P1030612-2048x1536.jpg 2048w\" sizes=\"auto, (max-width: 1024px) 100vw, 1024px\" \/><\/figure>\n\n\n\n<figure class=\"wp-block-image size-large\"><img loading=\"lazy\" decoding=\"async\" width=\"1024\" height=\"768\" data-id=\"657\" src=\"https:\/\/zwergenland-bremen.de\/wp-content\/uploads\/2025\/07\/P1030676-1024x768.jpg\" alt=\"\" class=\"wp-image-657\" srcset=\"https:\/\/zwergenland-bremen.de\/wp-content\/uploads\/2025\/07\/P1030676-1024x768.jpg 1024w, https:\/\/zwergenland-bremen.de\/wp-content\/uploads\/2025\/07\/P1030676-300x225.jpg 300w, https:\/\/zwergenland-bremen.de\/wp-content\/uploads\/2025\/07\/P1030676-768x576.jpg 768w, https:\/\/zwergenland-bremen.de\/wp-content\/uploads\/2025\/07\/P1030676-1536x1152.jpg 1536w, https:\/\/zwergenland-bremen.de\/wp-content\/uploads\/2025\/07\/P1030676-2048x1536.jpg 2048w\" sizes=\"auto, (max-width: 1024px) 100vw, 1024px\" \/><\/figure>\n\n\n\n<figure class=\"wp-block-image size-large\"><img loading=\"lazy\" decoding=\"async\" width=\"1024\" height=\"768\" data-id=\"658\" src=\"https:\/\/zwergenland-bremen.de\/wp-content\/uploads\/2025\/07\/P1030674-1024x768.jpg\" alt=\"\" class=\"wp-image-658\" srcset=\"https:\/\/zwergenland-bremen.de\/wp-content\/uploads\/2025\/07\/P1030674-1024x768.jpg 1024w, https:\/\/zwergenland-bremen.de\/wp-content\/uploads\/2025\/07\/P1030674-300x225.jpg 300w, https:\/\/zwergenland-bremen.de\/wp-content\/uploads\/2025\/07\/P1030674-768x576.jpg 768w, https:\/\/zwergenland-bremen.de\/wp-content\/uploads\/2025\/07\/P1030674-1536x1152.jpg 1536w, https:\/\/zwergenland-bremen.de\/wp-content\/uploads\/2025\/07\/P1030674-2048x1536.jpg 2048w\" sizes=\"auto, (max-width: 1024px) 100vw, 1024px\" \/><\/figure>\n\n\n\n<figure class=\"wp-block-image size-large\"><img loading=\"lazy\" decoding=\"async\" width=\"768\" height=\"1024\" data-id=\"659\" src=\"https:\/\/zwergenland-bremen.de\/wp-content\/uploads\/2025\/07\/P1030662-768x1024.jpg\" alt=\"\" class=\"wp-image-659\" srcset=\"https:\/\/zwergenland-bremen.de\/wp-content\/uploads\/2025\/07\/P1030662-768x1024.jpg 768w, https:\/\/zwergenland-bremen.de\/wp-content\/uploads\/2025\/07\/P1030662-225x300.jpg 225w, https:\/\/zwergenland-bremen.de\/wp-content\/uploads\/2025\/07\/P1030662-1152x1536.jpg 1152w, https:\/\/zwergenland-bremen.de\/wp-content\/uploads\/2025\/07\/P1030662-1536x2048.jpg 1536w, https:\/\/zwergenland-bremen.de\/wp-content\/uploads\/2025\/07\/P1030662-scaled.jpg 1920w\" sizes=\"auto, (max-width: 768px) 100vw, 768px\" \/><\/figure>\n\n\n\n<figure class=\"wp-block-image size-large\"><img loading=\"lazy\" decoding=\"async\" width=\"1024\" height=\"768\" data-id=\"660\" src=\"https:\/\/zwergenland-bremen.de\/wp-content\/uploads\/2025\/07\/P1030659-1024x768.jpg\" alt=\"\" class=\"wp-image-660\" srcset=\"https:\/\/zwergenland-bremen.de\/wp-content\/uploads\/2025\/07\/P1030659-1024x768.jpg 1024w, https:\/\/zwergenland-bremen.de\/wp-content\/uploads\/2025\/07\/P1030659-300x225.jpg 300w, https:\/\/zwergenland-bremen.de\/wp-content\/uploads\/2025\/07\/P1030659-768x576.jpg 768w, https:\/\/zwergenland-bremen.de\/wp-content\/uploads\/2025\/07\/P1030659-1536x1152.jpg 1536w, https:\/\/zwergenland-bremen.de\/wp-content\/uploads\/2025\/07\/P1030659-2048x1536.jpg 2048w\" sizes=\"auto, (max-width: 1024px) 100vw, 1024px\" \/><\/figure>\n\n\n\n<figure class=\"wp-block-image size-large\"><img loading=\"lazy\" decoding=\"async\" width=\"1024\" height=\"768\" data-id=\"661\" src=\"https:\/\/zwergenland-bremen.de\/wp-content\/uploads\/2025\/07\/P1030670-1024x768.jpg\" alt=\"\" class=\"wp-image-661\" srcset=\"https:\/\/zwergenland-bremen.de\/wp-content\/uploads\/2025\/07\/P1030670-1024x768.jpg 1024w, https:\/\/zwergenland-bremen.de\/wp-content\/uploads\/2025\/07\/P1030670-300x225.jpg 300w, https:\/\/zwergenland-bremen.de\/wp-content\/uploads\/2025\/07\/P1030670-768x576.jpg 768w, https:\/\/zwergenland-bremen.de\/wp-content\/uploads\/2025\/07\/P1030670-1536x1152.jpg 1536w, https:\/\/zwergenland-bremen.de\/wp-content\/uploads\/2025\/07\/P1030670-2048x1536.jpg 2048w\" sizes=\"auto, (max-width: 1024px) 100vw, 1024px\" \/><\/figure>\n<\/figure>\n\n\n\n<figure class=\"wp-block-gallery has-nested-images columns-default is-cropped wp-block-gallery-3 is-layout-flex wp-block-gallery-is-layout-flex\">\n<figure class=\"wp-block-image size-large\"><img loading=\"lazy\" decoding=\"async\" width=\"1024\" height=\"768\" data-id=\"670\" src=\"https:\/\/zwergenland-bremen.de\/wp-content\/uploads\/2025\/07\/20250603_101337-1-1024x768.jpg\" alt=\"\" class=\"wp-image-670\" srcset=\"https:\/\/zwergenland-bremen.de\/wp-content\/uploads\/2025\/07\/20250603_101337-1-1024x768.jpg 1024w, https:\/\/zwergenland-bremen.de\/wp-content\/uploads\/2025\/07\/20250603_101337-1-300x225.jpg 300w, https:\/\/zwergenland-bremen.de\/wp-content\/uploads\/2025\/07\/20250603_101337-1-768x576.jpg 768w, https:\/\/zwergenland-bremen.de\/wp-content\/uploads\/2025\/07\/20250603_101337-1-1536x1152.jpg 1536w, https:\/\/zwergenland-bremen.de\/wp-content\/uploads\/2025\/07\/20250603_101337-1-2048x1536.jpg 2048w\" sizes=\"auto, (max-width: 1024px) 100vw, 1024px\" \/><\/figure>\n\n\n\n<figure class=\"wp-block-image size-large\"><img loading=\"lazy\" decoding=\"async\" width=\"1024\" height=\"768\" data-id=\"671\" src=\"https:\/\/zwergenland-bremen.de\/wp-content\/uploads\/2025\/07\/20250704_094244-1-1024x768.jpg\" alt=\"\" class=\"wp-image-671\" srcset=\"https:\/\/zwergenland-bremen.de\/wp-content\/uploads\/2025\/07\/20250704_094244-1-1024x768.jpg 1024w, https:\/\/zwergenland-bremen.de\/wp-content\/uploads\/2025\/07\/20250704_094244-1-300x225.jpg 300w, https:\/\/zwergenland-bremen.de\/wp-content\/uploads\/2025\/07\/20250704_094244-1-768x576.jpg 768w, https:\/\/zwergenland-bremen.de\/wp-content\/uploads\/2025\/07\/20250704_094244-1-1536x1152.jpg 1536w, https:\/\/zwergenland-bremen.de\/wp-content\/uploads\/2025\/07\/20250704_094244-1-2048x1536.jpg 2048w\" sizes=\"auto, (max-width: 1024px) 100vw, 1024px\" \/><\/figure>\n\n\n\n<figure class=\"wp-block-image size-large\"><img loading=\"lazy\" decoding=\"async\" width=\"1024\" height=\"768\" data-id=\"672\" src=\"https:\/\/zwergenland-bremen.de\/wp-content\/uploads\/2025\/07\/20250704_094711-1-1024x768.jpg\" alt=\"\" class=\"wp-image-672\" srcset=\"https:\/\/zwergenland-bremen.de\/wp-content\/uploads\/2025\/07\/20250704_094711-1-1024x768.jpg 1024w, https:\/\/zwergenland-bremen.de\/wp-content\/uploads\/2025\/07\/20250704_094711-1-300x225.jpg 300w, https:\/\/zwergenland-bremen.de\/wp-content\/uploads\/2025\/07\/20250704_094711-1-768x576.jpg 768w, https:\/\/zwergenland-bremen.de\/wp-content\/uploads\/2025\/07\/20250704_094711-1-1536x1152.jpg 1536w, https:\/\/zwergenland-bremen.de\/wp-content\/uploads\/2025\/07\/20250704_094711-1-2048x1536.jpg 2048w\" sizes=\"auto, (max-width: 1024px) 100vw, 1024px\" \/><\/figure>\n<\/figure>\n\n\n\n<figure class=\"wp-block-gallery has-nested-images columns-default is-cropped wp-block-gallery-4 is-layout-flex wp-block-gallery-is-layout-flex\">\n<figure class=\"wp-block-image size-large\"><img loading=\"lazy\" decoding=\"async\" width=\"1024\" height=\"627\" data-id=\"673\" src=\"https:\/\/zwergenland-bremen.de\/wp-content\/uploads\/2025\/07\/20250704_094802-1024x627.jpg\" alt=\"\" class=\"wp-image-673\" srcset=\"https:\/\/zwergenland-bremen.de\/wp-content\/uploads\/2025\/07\/20250704_094802-1024x627.jpg 1024w, https:\/\/zwergenland-bremen.de\/wp-content\/uploads\/2025\/07\/20250704_094802-300x184.jpg 300w, https:\/\/zwergenland-bremen.de\/wp-content\/uploads\/2025\/07\/20250704_094802-768x470.jpg 768w, https:\/\/zwergenland-bremen.de\/wp-content\/uploads\/2025\/07\/20250704_094802-1536x940.jpg 1536w, https:\/\/zwergenland-bremen.de\/wp-content\/uploads\/2025\/07\/20250704_094802.jpg 1859w\" sizes=\"auto, (max-width: 1024px) 100vw, 1024px\" \/><\/figure>\n\n\n\n<figure class=\"wp-block-image size-large\"><img loading=\"lazy\" decoding=\"async\" width=\"1024\" height=\"580\" data-id=\"674\" src=\"https:\/\/zwergenland-bremen.de\/wp-content\/uploads\/2025\/07\/20250704_094806-1024x580.jpg\" alt=\"\" class=\"wp-image-674\" srcset=\"https:\/\/zwergenland-bremen.de\/wp-content\/uploads\/2025\/07\/20250704_094806-1024x580.jpg 1024w, https:\/\/zwergenland-bremen.de\/wp-content\/uploads\/2025\/07\/20250704_094806-300x170.jpg 300w, https:\/\/zwergenland-bremen.de\/wp-content\/uploads\/2025\/07\/20250704_094806-768x435.jpg 768w, https:\/\/zwergenland-bremen.de\/wp-content\/uploads\/2025\/07\/20250704_094806-1536x870.jpg 1536w, https:\/\/zwergenland-bremen.de\/wp-content\/uploads\/2025\/07\/20250704_094806-2048x1161.jpg 2048w\" sizes=\"auto, (max-width: 1024px) 100vw, 1024px\" \/><\/figure>\n<\/figure>\n\n\n\n<figure class=\"wp-block-image aligncenter size-large is-resized\"><img loading=\"lazy\" decoding=\"async\" width=\"993\" height=\"1024\" src=\"https:\/\/zwergenland-bremen.de\/wp-content\/uploads\/2025\/07\/20250704_094828-993x1024.jpg\" alt=\"\" class=\"wp-image-675\" style=\"width:295px;height:auto\" srcset=\"https:\/\/zwergenland-bremen.de\/wp-content\/uploads\/2025\/07\/20250704_094828-993x1024.jpg 993w, https:\/\/zwergenland-bremen.de\/wp-content\/uploads\/2025\/07\/20250704_094828-291x300.jpg 291w, https:\/\/zwergenland-bremen.de\/wp-content\/uploads\/2025\/07\/20250704_094828-768x792.jpg 768w, https:\/\/zwergenland-bremen.de\/wp-content\/uploads\/2025\/07\/20250704_094828-1489x1536.jpg 1489w, https:\/\/zwergenland-bremen.de\/wp-content\/uploads\/2025\/07\/20250704_094828.jpg 1686w\" sizes=\"auto, (max-width: 993px) 100vw, 993px\" \/><\/figure>\n\n\n\n<figure class=\"wp-block-image size-large\"><img loading=\"lazy\" decoding=\"async\" width=\"1024\" height=\"478\" src=\"https:\/\/zwergenland-bremen.de\/wp-content\/uploads\/2026\/01\/IMG-20250929-WA0001-1024x478.jpg\" alt=\"\" class=\"wp-image-841\" srcset=\"https:\/\/zwergenland-bremen.de\/wp-content\/uploads\/2026\/01\/IMG-20250929-WA0001-1024x478.jpg 1024w, https:\/\/zwergenland-bremen.de\/wp-content\/uploads\/2026\/01\/IMG-20250929-WA0001-300x140.jpg 300w, https:\/\/zwergenland-bremen.de\/wp-content\/uploads\/2026\/01\/IMG-20250929-WA0001-768x359.jpg 768w, https:\/\/zwergenland-bremen.de\/wp-content\/uploads\/2026\/01\/IMG-20250929-WA0001-1536x717.jpg 1536w, https:\/\/zwergenland-bremen.de\/wp-content\/uploads\/2026\/01\/IMG-20250929-WA0001.jpg 2000w\" sizes=\"auto, (max-width: 1024px) 100vw, 1024px\" \/><\/figure>\n\n\n\n<div class=\"wp-block-media-text is-stacked-on-mobile\"><figure class=\"wp-block-media-text__media\"><img loading=\"lazy\" decoding=\"async\" width=\"1024\" height=\"768\" src=\"https:\/\/zwergenland-bremen.de\/wp-content\/uploads\/2026\/01\/20250927_145903-1024x768.jpg\" alt=\"\" class=\"wp-image-843 size-full\" srcset=\"https:\/\/zwergenland-bremen.de\/wp-content\/uploads\/2026\/01\/20250927_145903-1024x768.jpg 1024w, https:\/\/zwergenland-bremen.de\/wp-content\/uploads\/2026\/01\/20250927_145903-300x225.jpg 300w, https:\/\/zwergenland-bremen.de\/wp-content\/uploads\/2026\/01\/20250927_145903-768x576.jpg 768w, https:\/\/zwergenland-bremen.de\/wp-content\/uploads\/2026\/01\/20250927_145903-1536x1152.jpg 1536w, https:\/\/zwergenland-bremen.de\/wp-content\/uploads\/2026\/01\/20250927_145903-2048x1536.jpg 2048w\" sizes=\"auto, (max-width: 1024px) 100vw, 1024px\" \/><\/figure><div class=\"wp-block-media-text__content\">\n<p>Das waren einige Eindr\u00fccke unserer Einrichtung. Gerne laden wir Sie herzlich ein, bei einem pers\u00f6nlichen Rundgang unsere komplette Einrichtung kennenzulernen. Wir freuen uns darauf, Ihnen alles in Ruhe zu zeigen!<\/p>\n<\/div><\/div>\n","protected":false},"excerpt":{"rendered":"<p>Hereinspaziert&#8230;.. Unsere Einrichtung Unser Au\u00dfengel\u00e4nde Ein paar Einblicke in die Einrichtung&#8230; Das waren einige Eindr\u00fccke unserer Einrichtung. Gerne laden wir Sie herzlich ein, bei einem pers\u00f6nlichen Rundgang unsere komplette Einrichtung kennenzulernen. Wir freuen uns darauf, Ihnen alles in Ruhe zu zeigen!<\/p>\n","protected":false},"author":1,"featured_media":0,"parent":0,"menu_order":0,"comment_status":"closed","ping_status":"closed","template":"","meta":{"footnotes":""},"class_list":["post-23","page","type-page","status-publish","hentry"],"_links":{"self":[{"href":"https:\/\/zwergenland-bremen.de\/index.php\/wp-json\/wp\/v2\/pages\/23","targetHints":{"allow":["GET"]}}],"collection":[{"href":"https:\/\/zwergenland-bremen.de\/index.php\/wp-json\/wp\/v2\/pages"}],"about":[{"href":"https:\/\/zwergenland-bremen.de\/index.php\/wp-json\/wp\/v2\/types\/page"}],"author":[{"embeddable":true,"href":"https:\/\/zwergenland-bremen.de\/index.php\/wp-json\/wp\/v2\/users\/1"}],"replies":[{"embeddable":true,"href":"https:\/\/zwergenland-bremen.de\/index.php\/wp-json\/wp\/v2\/comments?post=23"}],"version-history":[{"count":11,"href":"https:\/\/zwergenland-bremen.de\/index.php\/wp-json\/wp\/v2\/pages\/23\/revisions"}],"predecessor-version":[{"id":844,"href":"https:\/\/zwergenland-bremen.de\/index.php\/wp-json\/wp\/v2\/pages\/23\/revisions\/844"}],"wp:attachment":[{"href":"https:\/\/zwergenland-bremen.de\/index.php\/wp-json\/wp\/v2\/media?parent=23"}],"curies":[{"name":"wp","href":"https:\/\/api.w.org\/{rel}","templated":true}]}}