{"id":25,"date":"2022-06-30T13:35:54","date_gmt":"2022-06-30T13:35:54","guid":{"rendered":"https:\/\/wp.saschaluede.de\/wordpress\/?page_id=25"},"modified":"2025-07-04T09:21:52","modified_gmt":"2025-07-04T07:21:52","slug":"anmeldung","status":"publish","type":"page","link":"https:\/\/zwergenland-bremen.de\/index.php\/anmeldung\/","title":{"rendered":"Anmeldung"},"content":{"rendered":"\n<div class=\"wp-block-group alignfull has-global-padding is-layout-constrained wp-container-core-group-is-layout-d89aad35 wp-block-group-is-layout-constrained\" style=\"margin-top:0;margin-bottom:0;padding-top:var(--wp--preset--spacing--50);padding-right:var(--wp--preset--spacing--50);padding-bottom:var(--wp--preset--spacing--50);padding-left:var(--wp--preset--spacing--50)\">\n<div class=\"wp-block-group alignwide has-global-padding is-layout-constrained wp-container-core-group-is-layout-19e250f3 wp-block-group-is-layout-constrained\">\n<div class=\"wp-block-group is-vertical is-content-justification-center is-layout-flex wp-container-core-group-is-layout-6329a8f3 wp-block-group-is-layout-flex\">\n<p class=\"has-text-align-center\"><\/p>\n<\/div>\n\n\n\n<div class=\"wp-block-columns alignwide is-layout-flex wp-container-core-columns-is-layout-d1c656ed wp-block-columns-is-layout-flex\">\n<div class=\"wp-block-column is-vertically-aligned-center is-layout-flow wp-block-column-is-layout-flow\" style=\"flex-basis:40%\">\n<h3 class=\"wp-block-heading is-style-asterisk\">1. Schritt: Informieren &amp; Kennenlernen<\/h3>\n\n\n\n<ul style=\"line-height:1.75\" class=\"wp-block-list is-style-checkmark-list\">\n<li>Sie haben die M\u00f6glichkeit, unsere Einrichtung jederzeit kennenzulernen \u2013 auch au\u00dferhalb unseres \u201eTags der offenen T\u00fcr\u201c. Wir freuen uns, wenn Sie sich bei Interesse melden, um einen individuellen Termin zu vereinbaren. So k\u00f6nnen Sie sich ganz in Ruhe ein Bild von unserer Einrichtung machen.<\/li>\n\n\n\n<li>Rufen Sie bei Fragen gerne an oder kontaktieren Sie uns per Mail (0421\/167 66 88-0\/leitung@zwergenland-bremen.de)<\/li>\n\n\n\n<li>Einen ersten Eindruck gewinnen Sie ebenfalls durch unsere Website<\/li>\n\n\n\n<li>Wichtig: Ein pers\u00f6nliches Kennenlernen ist uns sehr wichtig!<\/li>\n<\/ul>\n<\/div>\n\n\n\n<div class=\"wp-block-column is-layout-flow wp-block-column-is-layout-flow\" style=\"flex-basis:50%\">\n<figure class=\"wp-block-image size-full is-style-rounded is-style-rounded--1\"><img loading=\"lazy\" decoding=\"async\" width=\"1600\" height=\"533\" src=\"https:\/\/zwergenland-bremen.de\/wp-content\/uploads\/2022\/10\/Zwergenland-Logo-Frei.png\" alt=\"\" class=\"wp-image-159\" srcset=\"https:\/\/zwergenland-bremen.de\/wp-content\/uploads\/2022\/10\/Zwergenland-Logo-Frei.png 1600w, https:\/\/zwergenland-bremen.de\/wp-content\/uploads\/2022\/10\/Zwergenland-Logo-Frei-300x100.png 300w, https:\/\/zwergenland-bremen.de\/wp-content\/uploads\/2022\/10\/Zwergenland-Logo-Frei-1024x341.png 1024w, https:\/\/zwergenland-bremen.de\/wp-content\/uploads\/2022\/10\/Zwergenland-Logo-Frei-768x256.png 768w, https:\/\/zwergenland-bremen.de\/wp-content\/uploads\/2022\/10\/Zwergenland-Logo-Frei-1536x512.png 1536w\" sizes=\"auto, (max-width: 1600px) 100vw, 1600px\" \/><\/figure>\n<\/div>\n<\/div>\n\n\n\n<div style=\"height:var(--wp--preset--spacing--40)\" aria-hidden=\"true\" class=\"wp-block-spacer\"><\/div>\n\n\n\n<div class=\"wp-block-columns alignwide is-layout-flex wp-container-core-columns-is-layout-d1c656ed wp-block-columns-is-layout-flex\">\n<div class=\"wp-block-column is-layout-flow wp-block-column-is-layout-flow\" style=\"flex-basis:50%\">\n<figure class=\"wp-block-image size-full is-style-rounded is-style-rounded--2\"><img loading=\"lazy\" decoding=\"async\" width=\"503\" height=\"97\" src=\"https:\/\/zwergenland-bremen.de\/wp-content\/uploads\/2024\/09\/Bildschirmfoto-2024-09-19-um-09.53.49-1.png\" alt=\"\" class=\"wp-image-556\" srcset=\"https:\/\/zwergenland-bremen.de\/wp-content\/uploads\/2024\/09\/Bildschirmfoto-2024-09-19-um-09.53.49-1.png 503w, https:\/\/zwergenland-bremen.de\/wp-content\/uploads\/2024\/09\/Bildschirmfoto-2024-09-19-um-09.53.49-1-300x58.png 300w\" sizes=\"auto, (max-width: 503px) 100vw, 503px\" \/><\/figure>\n<\/div>\n\n\n\n<div class=\"wp-block-column is-vertically-aligned-center is-layout-flow wp-block-column-is-layout-flow\" style=\"flex-basis:40%\">\n<h3 class=\"wp-block-heading is-style-asterisk\">2. Schritt: Anmeldung \u00fcber das Kita-Portal<\/h3>\n\n\n\n<ul style=\"line-height:1.75\" class=\"wp-block-list is-style-checkmark-list\">\n<li>Die Anmeldung muss \u00fcber das Kita-Portal erfolgen, eine Anmeldung in Papierform entf\u00e4llt<\/li>\n\n\n\n<li>Das Kita-Jahr beginnt immer zum 01.08. eines Jahres,  kurzfristig freie Pl\u00e4tze werden individuell auch au\u00dferhalb des Anmeldezeitraums vergeben<\/li>\n\n\n\n<li>Es gelten die selben Anmeldezeiten wie bei den st\u00e4dtischen Kinderg\u00e4rten. Diese k\u00f6nnen der Tagespresse entnommen werden, in der Regel sind diese im Januar<\/li>\n\n\n\n<li>F\u00fcr die Anmeldung ben\u00f6tigen Sie die Kinder-ID, die Sie von der Senatorin f\u00fcr Bildung erhalten haben<\/li>\n\n\n\n<li>Detaillierte Informationen zum Anmeldeprozess finden Sie unter: <a href=\"https:\/\/kitaportal.bremen.de\/de\/\" target=\"_blank\" rel=\"noreferrer noopener\">https:\/\/kitaportal.bremen.de\/de\/<\/a><\/li>\n\n\n\n<li>Hier finden Sie den Link f\u00fcr die direkte Wahl zu unserer Einrichtung. Damit k\u00f6nnen Sie ganz bequem und unkompliziert den Kontakt zu uns herstellen:<\/li>\n\n\n\n<li><a href=\"https:\/\/kitaportal.bremen.de\/de\/einrichtungen\/liste\/ergebnisse\/1809\/details\">https:\/\/kitaportal.bremen.de\/de\/einrichtungen\/liste\/ergebnisse\/1809\/details<\/a> <\/li>\n<\/ul>\n<\/div>\n<\/div>\n<\/div>\n<\/div>\n","protected":false},"excerpt":{"rendered":"<p>1. Schritt: Informieren &amp; Kennenlernen 2. Schritt: Anmeldung \u00fcber das Kita-Portal<\/p>\n","protected":false},"author":1,"featured_media":0,"parent":0,"menu_order":0,"comment_status":"closed","ping_status":"closed","template":"","meta":{"footnotes":""},"class_list":["post-25","page","type-page","status-publish","hentry"],"_links":{"self":[{"href":"https:\/\/zwergenland-bremen.de\/index.php\/wp-json\/wp\/v2\/pages\/25","targetHints":{"allow":["GET"]}}],"collection":[{"href":"https:\/\/zwergenland-bremen.de\/index.php\/wp-json\/wp\/v2\/pages"}],"about":[{"href":"https:\/\/zwergenland-bremen.de\/index.php\/wp-json\/wp\/v2\/types\/page"}],"author":[{"embeddable":true,"href":"https:\/\/zwergenland-bremen.de\/index.php\/wp-json\/wp\/v2\/users\/1"}],"replies":[{"embeddable":true,"href":"https:\/\/zwergenland-bremen.de\/index.php\/wp-json\/wp\/v2\/comments?post=25"}],"version-history":[{"count":21,"href":"https:\/\/zwergenland-bremen.de\/index.php\/wp-json\/wp\/v2\/pages\/25\/revisions"}],"predecessor-version":[{"id":648,"href":"https:\/\/zwergenland-bremen.de\/index.php\/wp-json\/wp\/v2\/pages\/25\/revisions\/648"}],"wp:attachment":[{"href":"https:\/\/zwergenland-bremen.de\/index.php\/wp-json\/wp\/v2\/media?parent=25"}],"curies":[{"name":"wp","href":"https:\/\/api.w.org\/{rel}","templated":true}]}}