{"id":35,"date":"2022-06-30T13:37:05","date_gmt":"2022-06-30T13:37:05","guid":{"rendered":"https:\/\/wp.saschaluede.de\/wordpress\/?page_id=35"},"modified":"2026-01-02T12:54:01","modified_gmt":"2026-01-02T10:54:01","slug":"karriere","status":"publish","type":"page","link":"https:\/\/zwergenland-bremen.de\/index.php\/karriere\/","title":{"rendered":"Stellenangebote"},"content":{"rendered":"\n<p><\/p>\n\n\n\n<div class=\"wp-block-group alignfull has-global-padding is-layout-constrained wp-container-core-group-is-layout-d89aad35 wp-block-group-is-layout-constrained\" style=\"margin-top:0;margin-bottom:0;padding-top:var(--wp--preset--spacing--50);padding-right:var(--wp--preset--spacing--50);padding-bottom:var(--wp--preset--spacing--50);padding-left:var(--wp--preset--spacing--50)\">\n<div class=\"wp-block-columns alignwide are-vertically-aligned-center is-layout-flex wp-container-core-columns-is-layout-47c06fe3 wp-block-columns-is-layout-flex\">\n<div class=\"wp-block-column is-vertically-aligned-center is-layout-flow wp-block-column-is-layout-flow\" style=\"flex-basis:50%\">\n<h2 class=\"wp-block-heading\">WIR SUCHEN DICH!<\/h2>\n\n\n\n<ul style=\"line-height:1.75\" class=\"wp-block-list is-style-checkmark-list\">\n<li>&nbsp;Wenn du eine leidenschaftliche und engagierte Pers\u00f6nlichkeit bist, die gerne mit Kindern arbeitet und Teil eines herzlichen Teams\/Gemeinschaft werden m\u00f6chte, dann bist du bei uns genau richtig! <\/li>\n\n\n\n<li>Wir freuen uns darauf, dich kennenzulernen und gemeinsam die Zukunft unserer kleinen Zwerge zu gestalten! Schau vorbei und bewirb dich noch heute! <\/li>\n\n\n\n<li><strong>bewerbung@zwergenland-bremen.de<\/strong><\/li>\n<\/ul>\n\n\n\n<div class=\"wp-block-buttons is-layout-flex wp-block-buttons-is-layout-flex\"><\/div>\n<\/div>\n\n\n\n<div class=\"wp-block-column is-vertically-aligned-center is-layout-flow wp-block-column-is-layout-flow\" style=\"flex-basis:50%\">\n<figure class=\"wp-block-image size-full is-style-rounded is-style-rounded--1\"><img loading=\"lazy\" decoding=\"async\" width=\"2560\" height=\"1707\" src=\"https:\/\/zwergenland-bremen.de\/wp-content\/uploads\/2024\/09\/vecteezy_job-interview-close-up_1241495-scaled.jpg\" alt=\"\" class=\"wp-image-549\" style=\"aspect-ratio:4\/3;object-fit:cover\" srcset=\"https:\/\/zwergenland-bremen.de\/wp-content\/uploads\/2024\/09\/vecteezy_job-interview-close-up_1241495-scaled.jpg 2560w, https:\/\/zwergenland-bremen.de\/wp-content\/uploads\/2024\/09\/vecteezy_job-interview-close-up_1241495-300x200.jpg 300w, https:\/\/zwergenland-bremen.de\/wp-content\/uploads\/2024\/09\/vecteezy_job-interview-close-up_1241495-1024x683.jpg 1024w, https:\/\/zwergenland-bremen.de\/wp-content\/uploads\/2024\/09\/vecteezy_job-interview-close-up_1241495-768x512.jpg 768w, https:\/\/zwergenland-bremen.de\/wp-content\/uploads\/2024\/09\/vecteezy_job-interview-close-up_1241495-1536x1024.jpg 1536w, https:\/\/zwergenland-bremen.de\/wp-content\/uploads\/2024\/09\/vecteezy_job-interview-close-up_1241495-2048x1365.jpg 2048w\" sizes=\"auto, (max-width: 2560px) 100vw, 2560px\" \/><figcaption class=\"wp-element-caption\"><a href=\"https:\/\/de.vecteezy.com\/fotos-kostenlos\/bewerbungsgespr%C3%A4ch\">Bewerbungsgespr\u00e4ch Fotos auf Lager von Vecteezy<\/a><\/figcaption><\/figure>\n<\/div>\n<\/div>\n<\/div>\n\n\n\n<figure class=\"wp-block-image size-large\"><img loading=\"lazy\" decoding=\"async\" width=\"726\" height=\"1024\" src=\"https:\/\/zwergenland-bremen.de\/wp-content\/uploads\/2026\/01\/Black-and-Yellow-Modern-Job-Vacancy-Announcement-726x1024.png\" alt=\"\" class=\"wp-image-829\" srcset=\"https:\/\/zwergenland-bremen.de\/wp-content\/uploads\/2026\/01\/Black-and-Yellow-Modern-Job-Vacancy-Announcement-726x1024.png 726w, https:\/\/zwergenland-bremen.de\/wp-content\/uploads\/2026\/01\/Black-and-Yellow-Modern-Job-Vacancy-Announcement-213x300.png 213w, https:\/\/zwergenland-bremen.de\/wp-content\/uploads\/2026\/01\/Black-and-Yellow-Modern-Job-Vacancy-Announcement-768x1083.png 768w, https:\/\/zwergenland-bremen.de\/wp-content\/uploads\/2026\/01\/Black-and-Yellow-Modern-Job-Vacancy-Announcement-1090x1536.png 1090w, https:\/\/zwergenland-bremen.de\/wp-content\/uploads\/2026\/01\/Black-and-Yellow-Modern-Job-Vacancy-Announcement.png 1240w\" sizes=\"auto, (max-width: 726px) 100vw, 726px\" \/><\/figure>\n\n\n\n<div class=\"wp-block-columns alignwide is-layout-flex wp-container-core-columns-is-layout-d2da2050 wp-block-columns-is-layout-flex\" style=\"margin-bottom:0\">\n<div class=\"wp-block-column has-text-color has-background has-link-color wp-elements-3b2a71c70616be7867945ad6a2499e75 is-layout-flow wp-block-column-is-layout-flow\" style=\"color:#000000;background-color:#ffe97d;padding-top:2em;padding-right:2em;padding-bottom:2em;padding-left:2em\">\n<h2 class=\"wp-block-heading\" id=\"single\" style=\"font-size:clamp(24.034px, 1.502rem + ((1vw - 3.2px) * 1.663), 40px);\"><strong>Erzieher*in<\/strong><\/h2>\n\n\n\n<p class=\"has-normal-font-size\" style=\"line-height:1.5\"><strong>Bereichere unsere wachsende Gemeinschaft.<\/strong> <\/p>\n\n\n\n<hr class=\"wp-block-separator has-text-color has-css-opacity has-background is-style-wide\" style=\"background-color:#000000;color:#000000\"\/>\n\n\n\n<ul class=\"wp-block-list has-normal-font-size\">\n<li>Hier bei uns im Zwergenland Bremen e.V. sind wir manchmal laut, manchmal leise, manchmal wild, manchmal ruhig, aber in jedem Fall sind wir auf Hilfe angewiesen!<br>Deshalb suchen wir ein\/e Erzieher*in. <\/li>\n\n\n\n<li>Wir bieten neben den tollsten Kindern der Welt eine spannende Position in unserem Team. Individuelle Stundenmodelle (von Teil- bis Vollzeit), eine faire Bezahlung (in Anlehnung am TV\u00f6D), Flexibilit\u00e4t in der Einstellung und zudem viele M\u00f6glichkeiten zur Mitwirksamkeit und Selbstverwirklichung in unserer Elterninitiative sollten gleicherma\u00dfen \u00fcberzeugen. <\/li>\n\n\n\n<li>Wenn du Lust hast, uns gemeinsam STARK zu machen, melde Dich um ein Vorstellungsgespr\u00e4ch zu vereinbaren.<\/li>\n\n\n\n<li><strong>bewerbung@zwergenland-bremen.de<\/strong><\/li>\n\n\n\n<li>Telefon: 0421\/1676688<\/li>\n<\/ul>\n\n\n\n<div class=\"wp-block-buttons alignfull is-horizontal is-content-justification-center is-layout-flex wp-container-core-buttons-is-layout-03627597 wp-block-buttons-is-layout-flex\"><\/div>\n<\/div>\n\n\n\n<div class=\"wp-block-column has-text-color has-background has-link-color wp-elements-4a6d9ab93ec88bc82fb8da8194611ec6 is-layout-flow wp-block-column-is-layout-flow\" style=\"color:#000000;background-color:#d1d1e1;padding-top:2em;padding-right:2em;padding-bottom:2em;padding-left:2em\">\n<h2 class=\"wp-block-heading\" id=\"family\" style=\"font-size:clamp(24.034px, 1.502rem + ((1vw - 3.2px) * 1.663), 40px);\"><strong><strong>Freiwilligen-dienst (FSJ\/BFD)<\/strong><\/strong><\/h2>\n\n\n\n<p class=\"has-normal-font-size\" style=\"line-height:1.5\"><strong>Trage Verantwortung. <\/strong><\/p>\n\n\n\n<hr class=\"wp-block-separator has-css-opacity is-style-wide\"\/>\n\n\n\n<ul class=\"wp-block-list has-normal-font-size\">\n<li>Bist Du gerade in einer Orientierungsphase oder brauchst eine Auszeit vom theoretischen Lernen? Hast Du Lust ein Jahr mit Kindern zu arbeiten? Dann bist Du bei uns genau richtig! Wir sind ein Elternverein in der Kindertagesbetreuung und bei uns kannst Du praktische Erfahrungen in der Arbeit mit Kindern sammeln.<\/li>\n\n\n\n<li>Du erh\u00e4ltst Taschengeld, Verpflegungsgeld, Fahrkostenzuschuss, Urlaub, 25 Bildungsseminartage und vieles mehr.<\/li>\n\n\n\n<li>Der Tr\u00e4ger unseres Freiwilligendienstes ist der Verbund Bremer Kindergruppen e.V., der auch die Bildungsseminartage organisiert. In den Seminaren lernst Du andere Freiwillige kennen, hast die M\u00f6glichkeit Erfahrungen auszutauschen und erf\u00e4hrst mehr \u00fcber die p\u00e4dagogische Arbeit mit Kindern.<\/li>\n\n\n\n<li>Du kannst Dich gern direkt bei uns melden (bewerbung@zwergenland-bremen.de). Oder Du nutzt den Bewerbungsbogen auf der Homepage des Verbunds unter <strong><a href=\"http:\/\/www.verbundbremerkindergruppen.de\/freiwilligendienst.html\" target=\"_blank\" rel=\"noreferrer noopener\">www.verbundbremerkindergruppen.de\/freiwilligendienst<\/a><\/strong><\/li>\n<\/ul>\n\n\n\n<div class=\"wp-block-buttons alignfull is-horizontal is-content-justification-center is-layout-flex wp-container-core-buttons-is-layout-03627597 wp-block-buttons-is-layout-flex\"><\/div>\n<\/div>\n\n\n\n<div class=\"wp-block-column has-text-color has-background has-link-color wp-elements-0f2b18eb6f3b9c01ad92f734046fbc90 is-layout-flow wp-block-column-is-layout-flow\" style=\"color:#000000;background-color:#c0ebf1;padding-top:2em;padding-right:2em;padding-bottom:2em;padding-left:2em\">\n<h2 class=\"wp-block-heading\" id=\"patron\" style=\"font-size:clamp(24.034px, 1.502rem + ((1vw - 3.2px) * 1.663), 40px);\"><strong>Initiativ Bewerbung<\/strong><\/h2>\n\n\n\n<p class=\"has-normal-font-size\"><strong>Trau Dich!<\/strong><\/p>\n\n\n\n<hr class=\"wp-block-separator has-css-opacity is-style-wide\"\/>\n\n\n\n<ul class=\"wp-block-list has-normal-font-size\">\n<li>Aktuell haben wir keine offenen Stellen, die zu deinem Profil passen. Dennoch freuen wir uns immer \u00fcber engagierte und kreative Menschen, die unser Team bereichern m\u00f6chten!<\/li>\n\n\n\n<li>Wenn du eine alternative Qualifikation mitbringst oder besondere F\u00e4higkeiten hast, die du einbringen m\u00f6chtest, z\u00f6gere nicht, dich bei uns zu melden. Vielleicht k\u00f6nnen wir gemeinsam eine passende M\u00f6glichkeit f\u00fcr dich finden!<\/li>\n\n\n\n<li><strong>bewerbung@zwergenland-bremen.de<\/strong><\/li>\n\n\n\n<li>Telefon: 0421\/1676688<\/li>\n<\/ul>\n\n\n\n<div class=\"wp-block-buttons alignfull is-horizontal is-content-justification-center is-layout-flex wp-container-core-buttons-is-layout-03627597 wp-block-buttons-is-layout-flex\"><\/div>\n<\/div>\n<\/div>\n","protected":false},"excerpt":{"rendered":"<p>WIR SUCHEN DICH! Erzieher*in Bereichere unsere wachsende Gemeinschaft. Freiwilligen-dienst (FSJ\/BFD) Trage Verantwortung. Initiativ Bewerbung Trau Dich!<\/p>\n","protected":false},"author":1,"featured_media":0,"parent":0,"menu_order":0,"comment_status":"closed","ping_status":"closed","template":"","meta":{"footnotes":""},"class_list":["post-35","page","type-page","status-publish","hentry"],"_links":{"self":[{"href":"https:\/\/zwergenland-bremen.de\/index.php\/wp-json\/wp\/v2\/pages\/35","targetHints":{"allow":["GET"]}}],"collection":[{"href":"https:\/\/zwergenland-bremen.de\/index.php\/wp-json\/wp\/v2\/pages"}],"about":[{"href":"https:\/\/zwergenland-bremen.de\/index.php\/wp-json\/wp\/v2\/types\/page"}],"author":[{"embeddable":true,"href":"https:\/\/zwergenland-bremen.de\/index.php\/wp-json\/wp\/v2\/users\/1"}],"replies":[{"embeddable":true,"href":"https:\/\/zwergenland-bremen.de\/index.php\/wp-json\/wp\/v2\/comments?post=35"}],"version-history":[{"count":11,"href":"https:\/\/zwergenland-bremen.de\/index.php\/wp-json\/wp\/v2\/pages\/35\/revisions"}],"predecessor-version":[{"id":830,"href":"https:\/\/zwergenland-bremen.de\/index.php\/wp-json\/wp\/v2\/pages\/35\/revisions\/830"}],"wp:attachment":[{"href":"https:\/\/zwergenland-bremen.de\/index.php\/wp-json\/wp\/v2\/media?parent=35"}],"curies":[{"name":"wp","href":"https:\/\/api.w.org\/{rel}","templated":true}]}}