{"id":567,"date":"2024-11-03T10:01:28","date_gmt":"2024-11-03T08:01:28","guid":{"rendered":"https:\/\/zwergenland-bremen.de\/?page_id=567"},"modified":"2026-02-04T20:34:52","modified_gmt":"2026-02-04T18:34:52","slug":"unsere-fachkraefte-qualifiziert-fuer-ihre-kinde","status":"publish","type":"page","link":"https:\/\/zwergenland-bremen.de\/index.php\/unsere-fachkraefte-qualifiziert-fuer-ihre-kinde\/","title":{"rendered":"Unsere Fachkr\u00e4fte &#8211; Qualifiziert f\u00fcr Ihre Kinder"},"content":{"rendered":"\n<p><\/p>\n\n\n\n<p>Im Zwergenland e.V. legen wir gr\u00f6\u00dften Wert auf die kontinuierliche Weiterbildung unseres p\u00e4dagogischen Teams. Unsere Fachkr\u00e4fte verf\u00fcgen \u00fcber vielf\u00e4ltige Zusatzqualifikationen, um Ihren Kindern die bestm\u00f6gliche Betreuung und F\u00f6rderung zu bieten.<\/p>\n\n\n\n<h2 class=\"wp-block-heading\">Expert*innen f\u00fcr kindgerechte Partizipation<\/h2>\n\n\n\n<p>Unsere zertifizierten Profis f\u00fcr Kinderkonferenzen f\u00f6rdern aktiv die Mitbestimmung der Kinder im Kita-Alltag. In regelm\u00e4\u00dfigen Gespr\u00e4chsrunden lernen die Kleinen, ihre Meinung zu \u00e4u\u00dfern und Entscheidungen demokratisch zu treffen.<\/p>\n\n\n\n<h2 class=\"wp-block-heading\">Sprachliche Entwicklung im Fokus<\/h2>\n\n\n\n<p>Mit einer speziell ausgebildeten Sprachentwicklungsexpertin f\u00fcr Sprachf\u00f6rderung im Elementarbereich begleiten wir die sprachliche Entwicklung Ihres Kindes optimal. Durch gezielte F\u00f6rderung und spielerische Sprachanl\u00e4sse unterst\u00fctzen wir den nat\u00fcrlichen Spracherwerb.<\/p>\n\n\n\n<h2 class=\"wp-block-heading\">Qualifizierte Vorschularbeit<\/h2>\n\n\n\n<p>Unsere Expertin f\u00fcr die Vorschule bereitet die k\u00fcnftigen Schulkinder gezielt auf den n\u00e4chsten Lebensabschnitt vor. Mit durchdachten Konzepten f\u00f6rdern wir spielerisch alle wichtigen Kompetenzen f\u00fcr einen gelungenen Schulstart.<\/p>\n\n\n\n<h2 class=\"wp-block-heading\">Professionelles Management<\/h2>\n\n\n\n<p>Unsere Kita-Fachwirtin sorgt mit ihrem fundierten betriebswirtschaftlichen und p\u00e4dagogischen Wissen f\u00fcr reibungslose Abl\u00e4ufe und eine hohe Betreuungsqualit\u00e4t.<\/p>\n\n\n\n<h2 class=\"wp-block-heading\">Ausbildung von Nachwuchskr\u00e4ften<\/h2>\n\n\n\n<p>Als zertifizierte Praxisanleiterinnen bilden wir aktiv neue Fachkr\u00e4fte aus. Dabei legen wir gro\u00dfen Wert auf eine qualitativ hochwertige und praxisnahe Ausbildung des p\u00e4dagogischen Nachwuchses.<\/p>\n\n\n\n<h2 class=\"wp-block-heading\">Gesunde Ern\u00e4hrung<\/h2>\n\n\n\n<p>Unsere Ern\u00e4hrungsexpert*innen setzen das Projekt &#8222;Mehr Bio in der Kita&#8220; um. Sie achten auf eine ausgewogene, kindgerechte Ern\u00e4hrung mit hochwertigen Bio-Produkten und vermitteln den Kindern spielerisch ein gesundes Verh\u00e4ltnis zu Lebensmitteln.<\/p>\n\n\n\n<p>Bewegungslandschaften<\/p>\n\n\n\n<p>Bewegung ist ein zentraler Bestandteil eines gesunden und aktiven Lebens. Unser Experte f\u00fcr Bewegung und Bewegungslandschaften besch\u00e4ftigt sich intensiv damit, wie Menschen sich bewegen \u2013 und vor allem, wie die Umgebung diese Bewegung beeinflusst und f\u00f6rdert.<\/p>\n\n\n\n<p>Dabei geht es nicht nur um Sport , sondern auch um die Gestaltung von R\u00e4umen, die zu mehr Aktivit\u00e4t im Alltag einladen. Bewegungslandschaften entstehen \u00fcberall dort, wo Umwelt und Bewegung miteinander verbunden werden<\/p>\n\n\n\n<p>Mit diesem breit gef\u00e4cherten Expert*innenwissen stellen wir sicher, dass Ihr Kind in allen Entwicklungsbereichen optimal gef\u00f6rdert wird. Unser engagiertes Team bildet sich kontinuierlich weiter, um stets auf dem neuesten Stand der fr\u00fchkindlichen Bildung zu sein. <\/p>\n","protected":false},"excerpt":{"rendered":"<p>Im Zwergenland e.V. legen wir gr\u00f6\u00dften Wert auf die kontinuierliche Weiterbildung unseres p\u00e4dagogischen Teams. Unsere Fachkr\u00e4fte verf\u00fcgen \u00fcber vielf\u00e4ltige Zusatzqualifikationen, um Ihren Kindern die bestm\u00f6gliche Betreuung und F\u00f6rderung zu bieten. Expert*innen f\u00fcr kindgerechte Partizipation Unsere zertifizierten Profis f\u00fcr Kinderkonferenzen f\u00f6rdern aktiv die Mitbestimmung der Kinder im Kita-Alltag. In regelm\u00e4\u00dfigen Gespr\u00e4chsrunden lernen die Kleinen, ihre Meinung [&hellip;]<\/p>\n","protected":false},"author":3,"featured_media":0,"parent":0,"menu_order":0,"comment_status":"closed","ping_status":"closed","template":"","meta":{"footnotes":""},"class_list":["post-567","page","type-page","status-publish","hentry"],"_links":{"self":[{"href":"https:\/\/zwergenland-bremen.de\/index.php\/wp-json\/wp\/v2\/pages\/567","targetHints":{"allow":["GET"]}}],"collection":[{"href":"https:\/\/zwergenland-bremen.de\/index.php\/wp-json\/wp\/v2\/pages"}],"about":[{"href":"https:\/\/zwergenland-bremen.de\/index.php\/wp-json\/wp\/v2\/types\/page"}],"author":[{"embeddable":true,"href":"https:\/\/zwergenland-bremen.de\/index.php\/wp-json\/wp\/v2\/users\/3"}],"replies":[{"embeddable":true,"href":"https:\/\/zwergenland-bremen.de\/index.php\/wp-json\/wp\/v2\/comments?post=567"}],"version-history":[{"count":4,"href":"https:\/\/zwergenland-bremen.de\/index.php\/wp-json\/wp\/v2\/pages\/567\/revisions"}],"predecessor-version":[{"id":854,"href":"https:\/\/zwergenland-bremen.de\/index.php\/wp-json\/wp\/v2\/pages\/567\/revisions\/854"}],"wp:attachment":[{"href":"https:\/\/zwergenland-bremen.de\/index.php\/wp-json\/wp\/v2\/media?parent=567"}],"curies":[{"name":"wp","href":"https:\/\/api.w.org\/{rel}","templated":true}]}}