{"id":66,"date":"2022-08-23T12:02:50","date_gmt":"2022-08-23T12:02:50","guid":{"rendered":"https:\/\/wp.saschaluede.de\/wordpress\/?page_id=66"},"modified":"2026-01-02T13:38:57","modified_gmt":"2026-01-02T11:38:57","slug":"erziehungspartnerschaft","status":"publish","type":"page","link":"https:\/\/zwergenland-bremen.de\/index.php\/erziehungspartnerschaft\/","title":{"rendered":"Erziehungspartnerschaft"},"content":{"rendered":"\n<div class=\"wp-block-group alignfull has-accent-2-background-color has-background has-global-padding is-layout-constrained wp-container-core-group-is-layout-669513ed wp-block-group-is-layout-constrained\" style=\"margin-top:0;margin-bottom:0;padding-top:var(--wp--preset--spacing--50);padding-right:var(--wp--preset--spacing--50);padding-bottom:var(--wp--preset--spacing--50);padding-left:var(--wp--preset--spacing--50)\">\n<div class=\"wp-block-columns alignwide is-layout-flex wp-container-core-columns-is-layout-28f84493 wp-block-columns-is-layout-flex\">\n<div class=\"wp-block-column is-layout-flow wp-block-column-is-layout-flow\" style=\"flex-basis:40%\">\n<p class=\"wp-container-content-0733e5d0\"><\/p>\n<\/div>\n<\/div>\n\n\n\n<div class=\"wp-block-cover alignwide\" style=\"min-height:249px;aspect-ratio:unset;\"><img loading=\"lazy\" decoding=\"async\" width=\"1024\" height=\"684\" class=\"wp-block-cover__image-background wp-image-514\" alt=\"\" src=\"https:\/\/zwergenland-bremen.de\/wp-content\/uploads\/2024\/08\/vecteezy_family-of-three-s-hands_2242092-1024x684.jpg\" style=\"object-position:49% 79%\" data-object-fit=\"cover\" data-object-position=\"49% 79%\" srcset=\"https:\/\/zwergenland-bremen.de\/wp-content\/uploads\/2024\/08\/vecteezy_family-of-three-s-hands_2242092-1024x684.jpg 1024w, https:\/\/zwergenland-bremen.de\/wp-content\/uploads\/2024\/08\/vecteezy_family-of-three-s-hands_2242092-300x200.jpg 300w, https:\/\/zwergenland-bremen.de\/wp-content\/uploads\/2024\/08\/vecteezy_family-of-three-s-hands_2242092-768x513.jpg 768w, https:\/\/zwergenland-bremen.de\/wp-content\/uploads\/2024\/08\/vecteezy_family-of-three-s-hands_2242092-1536x1025.jpg 1536w, https:\/\/zwergenland-bremen.de\/wp-content\/uploads\/2024\/08\/vecteezy_family-of-three-s-hands_2242092-2048x1367.jpg 2048w\" sizes=\"auto, (max-width: 1024px) 100vw, 1024px\" \/><span aria-hidden=\"true\" class=\"wp-block-cover__background has-background-dim\"><\/span><div class=\"wp-block-cover__inner-container is-layout-flow wp-block-cover-is-layout-flow\">\n<p class=\"has-text-align-center has-large-font-size\"><\/p>\n<\/div><\/div>\n\n\n\n<h3 class=\"wp-block-heading has-text-align-center\"><strong>Unser gemeinsames Ziel<\/strong><\/h3>\n\n\n\n<p class=\"has-text-align-center\">Wir m\u00f6chten einen Ort schaffen, der Kinder inspiriert, st\u00e4rkt und in ihrer Entwicklung begleitet \u2013 und das gelingt nur gemeinsam. Mit der Unterst\u00fctzung unserer Eltern entsteht ein Zwergenland, das lebendig ist, liebevoll gestaltet wird und Raum f\u00fcr Wachstum schafft.<\/p>\n<\/div>\n\n\n\n<div class=\"wp-block-group alignfull has-base-background-color has-background is-nowrap is-layout-flex wp-container-core-group-is-layout-560e8266 wp-block-group-is-layout-flex\" style=\"margin-top:0;margin-bottom:0;padding-top:var(--wp--preset--spacing--50);padding-right:var(--wp--preset--spacing--50);padding-bottom:var(--wp--preset--spacing--50);padding-left:var(--wp--preset--spacing--50)\">\n<blockquote class=\"wp-block-quote is-layout-flow wp-block-quote-is-layout-flow\">\n<h2 class=\"wp-block-heading has-text-align-center has-medium-font-size\"><strong>Elternarbeit im Zwergenland \u2013 Gemeinsam f\u00fcr ein starkes Miteinander<\/strong><\/h2>\n<\/blockquote>\n\n\n\n<p>Als Elternverein lebt das Zwergenland von der aktiven Beteiligung unserer Familien. Eine offene und vertrauensvolle Zusammenarbeit zwischen Eltern und Fachkr\u00e4ften ist f\u00fcr uns zentral \u2013 denn sie st\u00e4rkt die Entwicklung der Kinder und schafft ein Gef\u00fchl von Gemeinschaft und Sicherheit. Als Elterninitiative geh\u00f6rt die Mitarbeit der Familien fest zum Alltag unserer Einrichtung. Durch Pflichtdienste, Zusatzstunden und Aktionstage unterst\u00fctzen Eltern nicht nur den p\u00e4dagogischen Betrieb, sondern gestalten auch R\u00e4ume, Feste und Projekte aktiv mit. Dieses Miteinander tr\u00e4gt ma\u00dfgeblich dazu bei, dass das Zwergenland ein lebendiger, liebevoller und inspirierender Ort f\u00fcr Kinder bleibt..<\/p>\n\n\n\n<figure class=\"wp-block-gallery has-nested-images columns-default is-cropped wp-block-gallery-2 is-layout-flex wp-block-gallery-is-layout-flex\">\n<figure class=\"wp-block-image size-large is-style-rounded is-style-rounded--1\"><img loading=\"lazy\" decoding=\"async\" width=\"797\" height=\"1024\" data-id=\"710\" src=\"https:\/\/zwergenland-bremen.de\/wp-content\/uploads\/2025\/07\/12a91bf0-f6cb-497f-9eb7-49aca44d9469-1-797x1024.png\" alt=\"\" class=\"wp-image-710\" srcset=\"https:\/\/zwergenland-bremen.de\/wp-content\/uploads\/2025\/07\/12a91bf0-f6cb-497f-9eb7-49aca44d9469-1-797x1024.png 797w, https:\/\/zwergenland-bremen.de\/wp-content\/uploads\/2025\/07\/12a91bf0-f6cb-497f-9eb7-49aca44d9469-1-234x300.png 234w, https:\/\/zwergenland-bremen.de\/wp-content\/uploads\/2025\/07\/12a91bf0-f6cb-497f-9eb7-49aca44d9469-1-768x986.png 768w, https:\/\/zwergenland-bremen.de\/wp-content\/uploads\/2025\/07\/12a91bf0-f6cb-497f-9eb7-49aca44d9469-1-1196x1536.png 1196w, https:\/\/zwergenland-bremen.de\/wp-content\/uploads\/2025\/07\/12a91bf0-f6cb-497f-9eb7-49aca44d9469-1-1595x2048.png 1595w, https:\/\/zwergenland-bremen.de\/wp-content\/uploads\/2025\/07\/12a91bf0-f6cb-497f-9eb7-49aca44d9469-1.png 1946w\" sizes=\"auto, (max-width: 797px) 100vw, 797px\" \/><\/figure>\n<\/figure>\n<\/div>\n\n\n\n<div class=\"wp-block-group alignfull has-base-background-color has-background is-nowrap is-layout-flex wp-container-core-group-is-layout-560e8266 wp-block-group-is-layout-flex\" style=\"margin-top:0;margin-bottom:0;padding-top:var(--wp--preset--spacing--50);padding-right:var(--wp--preset--spacing--50);padding-bottom:var(--wp--preset--spacing--50);padding-left:var(--wp--preset--spacing--50)\">\n<blockquote class=\"wp-block-quote is-layout-flow wp-block-quote-is-layout-flow\">\n<h2 class=\"wp-block-heading has-text-align-center has-medium-font-size\"><strong><strong>Wie wir Elternarbeit verstehen<\/strong><\/strong><\/h2>\n<\/blockquote>\n\n\n\n<p>Als Elternverein lebt das Zwergenland von der aktiven Mitgestaltung und Beteiligung unserer Familien. Eine vertrauensvolle, wertsch\u00e4tzende und offene Zusammenarbeit zwischen Eltern und Fachkr\u00e4ften bildet das Fundament unseres p\u00e4dagogischen Handelns. Wir sind \u00fcberzeugt: Wenn Erziehungspartnerschaft gelingt, profitieren vor allem die Kinder \u2013 sie erleben Gemeinschaft, Sicherheit und Verbundenheit.<\/p>\n\n\n\n<figure class=\"wp-block-gallery has-nested-images columns-default is-cropped wp-block-gallery-4 is-layout-flex wp-block-gallery-is-layout-flex\">\n<figure class=\"wp-block-image size-large is-style-rounded is-style-rounded--3\"><img loading=\"lazy\" decoding=\"async\" width=\"797\" height=\"1024\" data-id=\"722\" src=\"https:\/\/zwergenland-bremen.de\/wp-content\/uploads\/2025\/07\/83f7623e-e082-4a27-822b-885009472db7-1-797x1024.png\" alt=\"\" class=\"wp-image-722\" srcset=\"https:\/\/zwergenland-bremen.de\/wp-content\/uploads\/2025\/07\/83f7623e-e082-4a27-822b-885009472db7-1-797x1024.png 797w, https:\/\/zwergenland-bremen.de\/wp-content\/uploads\/2025\/07\/83f7623e-e082-4a27-822b-885009472db7-1-234x300.png 234w, https:\/\/zwergenland-bremen.de\/wp-content\/uploads\/2025\/07\/83f7623e-e082-4a27-822b-885009472db7-1-768x986.png 768w, https:\/\/zwergenland-bremen.de\/wp-content\/uploads\/2025\/07\/83f7623e-e082-4a27-822b-885009472db7-1-1196x1536.png 1196w, https:\/\/zwergenland-bremen.de\/wp-content\/uploads\/2025\/07\/83f7623e-e082-4a27-822b-885009472db7-1-1595x2048.png 1595w, https:\/\/zwergenland-bremen.de\/wp-content\/uploads\/2025\/07\/83f7623e-e082-4a27-822b-885009472db7-1.png 1946w\" sizes=\"auto, (max-width: 797px) 100vw, 797px\" \/><\/figure>\n<\/figure>\n<\/div>\n\n\n\n<div class=\"wp-block-group alignfull has-base-background-color has-background is-content-justification-center is-nowrap is-layout-flex wp-container-core-group-is-layout-357919b8 wp-block-group-is-layout-flex\" style=\"margin-top:0;margin-bottom:0;padding-top:var(--wp--preset--spacing--50);padding-right:var(--wp--preset--spacing--50);padding-bottom:var(--wp--preset--spacing--50);padding-left:var(--wp--preset--spacing--50)\">\n<blockquote class=\"wp-block-quote is-layout-flow wp-block-quote-is-layout-flow\">\n<h2 class=\"wp-block-heading has-text-align-center has-medium-font-size\"><strong>Was wir uns w\u00fcnschen<\/strong><\/h2>\n<\/blockquote>\n\n\n\n<p>Wir w\u00fcnschen uns engagierte Eltern, die Zeit, Ideen und Tatkraft einbringen und bereit sind, das Zwergenland aktiv mitzugestalten. Dazu geh\u00f6rt: Teilnahme an Elternabenden und der j\u00e4hrlichen Mitgliederversammlung, Zuverl\u00e4ssiges Wahrnehmen der vereinbarten Dienste und Aufgaben im Rahmen der Elternmitarbeit, Eine offene, respektvolle Kommunikation \u2013 sowohl im Austausch mit dem Team als auch innerhalb der Elternschaft und Bereitschaft, gemeinsam L\u00f6sungen zu finden und unsere Einrichtung positiv weiterzuentwickeln<\/p>\n\n\n\n<figure class=\"wp-block-gallery has-nested-images columns-default is-cropped wp-block-gallery-6 is-layout-flex wp-block-gallery-is-layout-flex\">\n<figure class=\"wp-block-image size-large is-style-rounded is-style-rounded--5\"><img loading=\"lazy\" decoding=\"async\" width=\"797\" height=\"1024\" data-id=\"705\" src=\"https:\/\/zwergenland-bremen.de\/wp-content\/uploads\/2025\/07\/28a3d978-8c16-4ad9-93a1-95ca20a1f30e-797x1024.png\" alt=\"\" class=\"wp-image-705\" srcset=\"https:\/\/zwergenland-bremen.de\/wp-content\/uploads\/2025\/07\/28a3d978-8c16-4ad9-93a1-95ca20a1f30e-797x1024.png 797w, https:\/\/zwergenland-bremen.de\/wp-content\/uploads\/2025\/07\/28a3d978-8c16-4ad9-93a1-95ca20a1f30e-234x300.png 234w, https:\/\/zwergenland-bremen.de\/wp-content\/uploads\/2025\/07\/28a3d978-8c16-4ad9-93a1-95ca20a1f30e-768x986.png 768w, https:\/\/zwergenland-bremen.de\/wp-content\/uploads\/2025\/07\/28a3d978-8c16-4ad9-93a1-95ca20a1f30e-1196x1536.png 1196w, https:\/\/zwergenland-bremen.de\/wp-content\/uploads\/2025\/07\/28a3d978-8c16-4ad9-93a1-95ca20a1f30e-1595x2048.png 1595w, https:\/\/zwergenland-bremen.de\/wp-content\/uploads\/2025\/07\/28a3d978-8c16-4ad9-93a1-95ca20a1f30e.png 1946w\" sizes=\"auto, (max-width: 797px) 100vw, 797px\" \/><\/figure>\n<\/figure>\n<\/div>\n\n\n\n<div class=\"wp-block-group alignfull has-base-background-color has-background is-content-justification-center is-nowrap is-layout-flex wp-container-core-group-is-layout-357919b8 wp-block-group-is-layout-flex\" style=\"margin-top:0;margin-bottom:0;padding-top:var(--wp--preset--spacing--50);padding-right:var(--wp--preset--spacing--50);padding-bottom:var(--wp--preset--spacing--50);padding-left:var(--wp--preset--spacing--50)\">\n<blockquote class=\"wp-block-quote is-layout-flow wp-block-quote-is-layout-flow\">\n<h2 class=\"wp-block-heading has-text-align-center has-medium-font-size\"><strong><strong>Was wir geben<\/strong><\/strong><\/h2>\n<\/blockquote>\n\n\n\n<p>Wir schaffen einen Ort, an dem Eltern und Kinder sich willkommen und gut begleitet f\u00fchlen. Dazu geh\u00f6ren: <strong>Regelm\u00e4\u00dfige Elternabende<\/strong> in Gruppen sowie thematische Abende f\u00fcr die gesamte Einrichtung, <strong>Geplante Entwicklungsgespr\u00e4che<\/strong>, basierend auf der Lern- und Entwicklungsdokumentation (LED), <strong>Ein offener, kontinuierlicher Austausch<\/strong>, der im Alltag seinen festen Platz hat, <strong>Gemeinsame Feste, Aktionen und Ausfl\u00fcge<\/strong>, die durch die Mitwirkung aller zu besonderen Erlebnissen werden und <strong>Eine lebendige Feedback-Kultur<\/strong>, die auf Wertsch\u00e4tzung, Transparenz und Weiterentwicklung beruht<\/p>\n\n\n\n<figure class=\"wp-block-gallery has-nested-images columns-default is-cropped wp-block-gallery-8 is-layout-flex wp-block-gallery-is-layout-flex\">\n<figure class=\"wp-block-image size-large is-style-rounded is-style-rounded--7\"><img loading=\"lazy\" decoding=\"async\" width=\"797\" height=\"1024\" data-id=\"714\" src=\"https:\/\/zwergenland-bremen.de\/wp-content\/uploads\/2025\/07\/b1503079-3dd8-4d6c-8500-574cb289e404-797x1024.png\" alt=\"\" class=\"wp-image-714\" srcset=\"https:\/\/zwergenland-bremen.de\/wp-content\/uploads\/2025\/07\/b1503079-3dd8-4d6c-8500-574cb289e404-797x1024.png 797w, https:\/\/zwergenland-bremen.de\/wp-content\/uploads\/2025\/07\/b1503079-3dd8-4d6c-8500-574cb289e404-234x300.png 234w, https:\/\/zwergenland-bremen.de\/wp-content\/uploads\/2025\/07\/b1503079-3dd8-4d6c-8500-574cb289e404-768x986.png 768w, https:\/\/zwergenland-bremen.de\/wp-content\/uploads\/2025\/07\/b1503079-3dd8-4d6c-8500-574cb289e404-1196x1536.png 1196w, https:\/\/zwergenland-bremen.de\/wp-content\/uploads\/2025\/07\/b1503079-3dd8-4d6c-8500-574cb289e404-1595x2048.png 1595w, https:\/\/zwergenland-bremen.de\/wp-content\/uploads\/2025\/07\/b1503079-3dd8-4d6c-8500-574cb289e404.png 1946w\" sizes=\"auto, (max-width: 797px) 100vw, 797px\" \/><\/figure>\n<\/figure>\n<\/div>\n\n\n\n<div class=\"wp-block-group alignfull has-base-background-color has-background is-content-justification-center is-nowrap is-layout-flex wp-container-core-group-is-layout-357919b8 wp-block-group-is-layout-flex\" style=\"margin-top:0;margin-bottom:0;padding-top:var(--wp--preset--spacing--50);padding-right:var(--wp--preset--spacing--50);padding-bottom:var(--wp--preset--spacing--50);padding-left:var(--wp--preset--spacing--50)\">\n<blockquote class=\"wp-block-quote is-layout-flow wp-block-quote-is-layout-flow\">\n<h2 class=\"wp-block-heading has-text-align-center has-medium-font-size\"><strong><strong><strong><strong><strong>Die Eltern \u00fcbernehmen bei uns T\u00e4tigkeiten wie z.B.:<\/strong><\/strong><\/strong><\/strong><\/strong><\/h2>\n<\/blockquote>\n\n\n\n<p>Elterndienste im Kindergarten k\u00f6nnen unter anderem Vorstandsarbeit, die Teilnahme an Aktionstagen, Gartenarbeit, T\u00e4tigkeiten in den Bereichen Hausmeisterdienste, Events oder IT, Einkaufsdienste sowie Aktionen wie \u201aZwergenland r\u00e4umt auf\u2018 und au\u00dferdem Renovierungen, Reparaturen, kleinere Umbauma\u00dfnahmen, Schneefegen oder Laubharken umfassen.<\/p>\n\n\n\n<figure class=\"wp-block-gallery has-nested-images columns-default is-cropped wp-block-gallery-10 is-layout-flex wp-block-gallery-is-layout-flex\">\n<figure class=\"wp-block-image size-large is-style-rounded is-style-rounded--9\"><img loading=\"lazy\" decoding=\"async\" width=\"797\" height=\"1024\" data-id=\"723\" src=\"https:\/\/zwergenland-bremen.de\/wp-content\/uploads\/2025\/07\/12a91bf0-f6cb-497f-9eb7-49aca44d9469-2-797x1024.png\" alt=\"\" class=\"wp-image-723\" srcset=\"https:\/\/zwergenland-bremen.de\/wp-content\/uploads\/2025\/07\/12a91bf0-f6cb-497f-9eb7-49aca44d9469-2-797x1024.png 797w, https:\/\/zwergenland-bremen.de\/wp-content\/uploads\/2025\/07\/12a91bf0-f6cb-497f-9eb7-49aca44d9469-2-234x300.png 234w, https:\/\/zwergenland-bremen.de\/wp-content\/uploads\/2025\/07\/12a91bf0-f6cb-497f-9eb7-49aca44d9469-2-768x986.png 768w, https:\/\/zwergenland-bremen.de\/wp-content\/uploads\/2025\/07\/12a91bf0-f6cb-497f-9eb7-49aca44d9469-2-1196x1536.png 1196w, https:\/\/zwergenland-bremen.de\/wp-content\/uploads\/2025\/07\/12a91bf0-f6cb-497f-9eb7-49aca44d9469-2-1595x2048.png 1595w, https:\/\/zwergenland-bremen.de\/wp-content\/uploads\/2025\/07\/12a91bf0-f6cb-497f-9eb7-49aca44d9469-2.png 1946w\" sizes=\"auto, (max-width: 797px) 100vw, 797px\" \/><\/figure>\n<\/figure>\n<\/div>\n\n\n\n<div class=\"wp-block-group alignfull has-base-background-color has-background has-global-padding is-layout-constrained wp-container-core-group-is-layout-d89aad35 wp-block-group-is-layout-constrained\" style=\"margin-top:0;margin-bottom:0;padding-top:var(--wp--preset--spacing--50);padding-right:var(--wp--preset--spacing--50);padding-bottom:var(--wp--preset--spacing--50);padding-left:var(--wp--preset--spacing--50)\">\n<figure class=\"wp-block-image size-large\"><img loading=\"lazy\" decoding=\"async\" width=\"1024\" height=\"643\" src=\"https:\/\/zwergenland-bremen.de\/wp-content\/uploads\/2024\/08\/vecteezy_work-tools-on-wooden-background_4340204-1-1024x643.jpg\" alt=\"\" class=\"wp-image-516\" srcset=\"https:\/\/zwergenland-bremen.de\/wp-content\/uploads\/2024\/08\/vecteezy_work-tools-on-wooden-background_4340204-1-1024x643.jpg 1024w, https:\/\/zwergenland-bremen.de\/wp-content\/uploads\/2024\/08\/vecteezy_work-tools-on-wooden-background_4340204-1-300x188.jpg 300w, https:\/\/zwergenland-bremen.de\/wp-content\/uploads\/2024\/08\/vecteezy_work-tools-on-wooden-background_4340204-1-768x482.jpg 768w, https:\/\/zwergenland-bremen.de\/wp-content\/uploads\/2024\/08\/vecteezy_work-tools-on-wooden-background_4340204-1-1536x965.jpg 1536w, https:\/\/zwergenland-bremen.de\/wp-content\/uploads\/2024\/08\/vecteezy_work-tools-on-wooden-background_4340204-1-2048x1287.jpg 2048w\" sizes=\"auto, (max-width: 1024px) 100vw, 1024px\" \/><figcaption class=\"wp-element-caption\">Work tools on wooden background.<\/figcaption><\/figure>\n<\/div>\n","protected":false},"excerpt":{"rendered":"<p>Unser gemeinsames Ziel Wir m\u00f6chten einen Ort schaffen, der Kinder inspiriert, st\u00e4rkt und in ihrer Entwicklung begleitet \u2013 und das gelingt nur gemeinsam. Mit der Unterst\u00fctzung unserer Eltern entsteht ein Zwergenland, das lebendig ist, liebevoll gestaltet wird und Raum f\u00fcr Wachstum schafft. Elternarbeit im Zwergenland \u2013 Gemeinsam f\u00fcr ein starkes Miteinander Als Elternverein lebt das [&hellip;]<\/p>\n","protected":false},"author":1,"featured_media":0,"parent":0,"menu_order":0,"comment_status":"closed","ping_status":"closed","template":"","meta":{"footnotes":""},"class_list":["post-66","page","type-page","status-publish","hentry"],"_links":{"self":[{"href":"https:\/\/zwergenland-bremen.de\/index.php\/wp-json\/wp\/v2\/pages\/66","targetHints":{"allow":["GET"]}}],"collection":[{"href":"https:\/\/zwergenland-bremen.de\/index.php\/wp-json\/wp\/v2\/pages"}],"about":[{"href":"https:\/\/zwergenland-bremen.de\/index.php\/wp-json\/wp\/v2\/types\/page"}],"author":[{"embeddable":true,"href":"https:\/\/zwergenland-bremen.de\/index.php\/wp-json\/wp\/v2\/users\/1"}],"replies":[{"embeddable":true,"href":"https:\/\/zwergenland-bremen.de\/index.php\/wp-json\/wp\/v2\/comments?post=66"}],"version-history":[{"count":17,"href":"https:\/\/zwergenland-bremen.de\/index.php\/wp-json\/wp\/v2\/pages\/66\/revisions"}],"predecessor-version":[{"id":851,"href":"https:\/\/zwergenland-bremen.de\/index.php\/wp-json\/wp\/v2\/pages\/66\/revisions\/851"}],"wp:attachment":[{"href":"https:\/\/zwergenland-bremen.de\/index.php\/wp-json\/wp\/v2\/media?parent=66"}],"curies":[{"name":"wp","href":"https:\/\/api.w.org\/{rel}","templated":true}]}}